{"id":37,"date":"2021-10-06T23:34:10","date_gmt":"2021-10-06T21:34:10","guid":{"rendered":"https:\/\/nebevhubepraha.cz\/?page_id=37"},"modified":"2025-12-07T22:02:15","modified_gmt":"2025-12-07T21:02:15","slug":"kapcsolat","status":"publish","type":"page","link":"https:\/\/nebevhubepraha.cz\/cs\/kapcsolat\/","title":{"rendered":"Kontakty"},"content":{"rendered":"\t\t<div data-elementor-type=\"wp-page\" data-elementor-id=\"37\" class=\"elementor elementor-37\" data-elementor-post-type=\"page\">\n\t\t\t\t\t\t<section class=\"elementor-section elementor-top-section elementor-element elementor-element-74f394c elementor-section-content-middle elementor-section-boxed elementor-section-height-default elementor-section-height-default\" data-id=\"74f394c\" data-element_type=\"section\" data-e-type=\"section\" data-settings=\"{&quot;background_background&quot;:&quot;classic&quot;}\">\n\t\t\t\t\t\t\t<div class=\"elementor-background-overlay\"><\/div>\n\t\t\t\t\t\t\t<div class=\"elementor-container elementor-column-gap-default\">\n\t\t\t\t\t<div class=\"elementor-column elementor-col-100 elementor-top-column elementor-element elementor-element-55de314\" data-id=\"55de314\" data-element_type=\"column\" data-e-type=\"column\">\n\t\t\t<div class=\"elementor-widget-wrap elementor-element-populated\">\n\t\t\t\t\t\t<div class=\"elementor-element elementor-element-a4f8b5b elementor-widget elementor-widget-heading\" data-id=\"a4f8b5b\" data-element_type=\"widget\" data-e-type=\"widget\" data-widget_type=\"heading.default\">\n\t\t\t\t<div class=\"elementor-widget-container\">\n\t\t\t\t\t<h1 class=\"elementor-heading-title elementor-size-default\">kapcsolat<\/h1>\t\t\t\t<\/div>\n\t\t\t\t<\/div>\n\t\t\t\t\t<\/div>\n\t\t<\/div>\n\t\t\t\t\t<\/div>\n\t\t<\/section>\n\t\t\t\t<section class=\"elementor-section elementor-top-section elementor-element elementor-element-1655dad8 elementor-section-content-middle elementor-section-boxed elementor-section-height-default elementor-section-height-default\" data-id=\"1655dad8\" data-element_type=\"section\" data-e-type=\"section\" data-settings=\"{&quot;background_background&quot;:&quot;classic&quot;}\">\n\t\t\t\t\t\t\t<div class=\"elementor-background-overlay\"><\/div>\n\t\t\t\t\t\t\t<div class=\"elementor-container elementor-column-gap-wide\">\n\t\t\t\t\t<div class=\"elementor-column elementor-col-66 elementor-top-column elementor-element elementor-element-4710e69e\" data-id=\"4710e69e\" data-element_type=\"column\" data-e-type=\"column\" data-settings=\"{&quot;background_background&quot;:&quot;classic&quot;}\">\n\t\t\t<div class=\"elementor-widget-wrap elementor-element-populated\">\n\t\t\t\t\t<div class=\"elementor-background-overlay\"><\/div>\n\t\t\t\t\t\t<div class=\"elementor-element elementor-element-1214b8c elementor-widget elementor-widget-heading\" data-id=\"1214b8c\" data-element_type=\"widget\" data-e-type=\"widget\" data-widget_type=\"heading.default\">\n\t\t\t\t<div class=\"elementor-widget-container\">\n\t\t\t\t\t<h2 class=\"elementor-heading-title elementor-size-default\">\u00edrjon nek\u00fcnk!<\/h2>\t\t\t\t<\/div>\n\t\t\t\t<\/div>\n\t\t\t\t<div class=\"elementor-element elementor-element-1a9e79d8 elementor-widget elementor-widget-text-editor\" data-id=\"1a9e79d8\" data-element_type=\"widget\" data-e-type=\"widget\" data-widget_type=\"text-editor.default\">\n\t\t\t\t<div class=\"elementor-widget-container\">\n\t\t\t\t\t\t\t\t\t<p>Ha b\u00e1rmilyen k\u00e9rd\u00e9se vagy k\u00fcl\u00f6nleges ig\u00e9nye van, ne habozzon \u00fczenetet k\u00fcldeni nek\u00fcnk az al\u00e1bbi \u0171rlapon vagy a szomsz\u00e9d mez\u0151ben tal\u00e1lhat\u00f3 el\u00e9rhet\u0151s\u00e9gek b\u00e1rmelyik\u00e9n.<\/p>\t\t\t\t\t\t\t\t<\/div>\n\t\t\t\t<\/div>\n\t\t\t\t<div class=\"elementor-element elementor-element-3cdd5265 elementor-button-align-center elementor-widget elementor-widget-form\" data-id=\"3cdd5265\" data-element_type=\"widget\" data-e-type=\"widget\" data-settings=\"{&quot;step_next_label&quot;:&quot;K\\u00f6vetkez\\u0151&quot;,&quot;step_previous_label&quot;:&quot;El\\u0151z\\u0151&quot;,&quot;button_width&quot;:&quot;100&quot;,&quot;step_type&quot;:&quot;number_text&quot;,&quot;step_icon_shape&quot;:&quot;circle&quot;}\" data-widget_type=\"form.default\">\n\t\t\t\t<div class=\"elementor-widget-container\">\n\t\t\t\t\t\t\t<form class=\"elementor-form\" method=\"post\" name=\"\u00daj \u0171rlap\" aria-label=\"\u00daj \u0171rlap\">\n\t\t\t<input type=\"hidden\" name=\"post_id\" value=\"37\"\/>\n\t\t\t<input type=\"hidden\" name=\"form_id\" value=\"3cdd5265\"\/>\n\t\t\t<input type=\"hidden\" name=\"referer_title\" value=\"Kapcsolat &#8226; Nebe v Hub\u011b\" \/>\n\n\t\t\t\t\t\t\t<input type=\"hidden\" name=\"queried_id\" value=\"37\"\/>\n\t\t\t\n\t\t\t<div class=\"elementor-form-fields-wrapper elementor-labels-above\">\n\t\t\t\t\t\t\t\t<div class=\"elementor-field-type-text elementor-field-group elementor-column elementor-field-group-name elementor-col-100 elementor-field-required elementor-mark-required\">\n\t\t\t\t\t\t\t\t\t\t\t\t<label for=\"form-field-name\" class=\"elementor-field-label\">\n\t\t\t\t\t\t\t\tNeve:\t\t\t\t\t\t\t<\/label>\n\t\t\t\t\t\t\t\t\t\t\t\t\t\t<input size=\"1\" type=\"text\" name=\"form_fields[name]\" id=\"form-field-name\" class=\"elementor-field elementor-size-md  elementor-field-textual\" placeholder=\"N\u00e9v\" required=\"required\">\n\t\t\t\t\t\t\t\t\t\t\t<\/div>\n\t\t\t\t\t\t\t\t<div class=\"elementor-field-type-email elementor-field-group elementor-column elementor-field-group-email elementor-col-100 elementor-field-required elementor-mark-required\">\n\t\t\t\t\t\t\t\t\t\t\t\t<label for=\"form-field-email\" class=\"elementor-field-label\">\n\t\t\t\t\t\t\t\tAz \u00d6n e-mail c\u00edme:\t\t\t\t\t\t\t<\/label>\n\t\t\t\t\t\t\t\t\t\t\t\t\t\t<input size=\"1\" type=\"email\" name=\"form_fields[email]\" id=\"form-field-email\" class=\"elementor-field elementor-size-md  elementor-field-textual\" placeholder=\"Email\" required=\"required\">\n\t\t\t\t\t\t\t\t\t\t\t<\/div>\n\t\t\t\t\t\t\t\t<div class=\"elementor-field-type-textarea elementor-field-group elementor-column elementor-field-group-message elementor-col-100 elementor-field-required elementor-mark-required\">\n\t\t\t\t\t\t\t\t\t\t\t\t<label for=\"form-field-message\" class=\"elementor-field-label\">\n\t\t\t\t\t\t\t\t\u00cdrja az \u00fczenet\u00e9t ide:\t\t\t\t\t\t\t<\/label>\n\t\t\t\t\t\t<textarea class=\"elementor-field-textual elementor-field  elementor-size-md\" name=\"form_fields[message]\" id=\"form-field-message\" rows=\"4\" placeholder=\"\u00dczenet\" required=\"required\"><\/textarea>\t\t\t\t<\/div>\n\t\t\t\t\t\t\t\t<div class=\"elementor-field-group elementor-column elementor-field-type-submit elementor-col-100 e-form__buttons\">\n\t\t\t\t\t<button class=\"elementor-button elementor-size-md\" type=\"submit\">\n\t\t\t\t\t\t<span class=\"elementor-button-content-wrapper\">\n\t\t\t\t\t\t\t\t\t\t\t\t\t\t\t\t\t\t\t\t\t\t<span class=\"elementor-button-text\">Elk\u00fcld\u00f6m<\/span>\n\t\t\t\t\t\t\t\t\t\t\t\t\t<\/span>\n\t\t\t\t\t<\/button>\n\t\t\t\t<\/div>\n\t\t\t<\/div>\n\t\t<\/form>\n\t\t\t\t\t\t<\/div>\n\t\t\t\t<\/div>\n\t\t\t\t\t<\/div>\n\t\t<\/div>\n\t\t\t\t<div class=\"elementor-column elementor-col-33 elementor-top-column elementor-element elementor-element-3d05a27e\" data-id=\"3d05a27e\" data-element_type=\"column\" data-e-type=\"column\" data-settings=\"{&quot;background_background&quot;:&quot;classic&quot;}\">\n\t\t\t<div class=\"elementor-widget-wrap elementor-element-populated\">\n\t\t\t\t\t<div class=\"elementor-background-overlay\"><\/div>\n\t\t\t\t\t\t<div class=\"elementor-element elementor-element-52788ee4 elementor-widget elementor-widget-heading\" data-id=\"52788ee4\" data-element_type=\"widget\" data-e-type=\"widget\" data-widget_type=\"heading.default\">\n\t\t\t\t<div class=\"elementor-widget-container\">\n\t\t\t\t\t<h3 class=\"elementor-heading-title elementor-size-default\">telefon<\/h3>\t\t\t\t<\/div>\n\t\t\t\t<\/div>\n\t\t\t\t<div class=\"elementor-element elementor-element-34614e7e elementor-widget elementor-widget-text-editor\" data-id=\"34614e7e\" data-element_type=\"widget\" data-e-type=\"widget\" data-widget_type=\"text-editor.default\">\n\t\t\t\t<div class=\"elementor-widget-container\">\n\t\t\t\t\t\t\t\t\t<p>+420 777 093 489<\/p>\t\t\t\t\t\t\t\t<\/div>\n\t\t\t\t<\/div>\n\t\t\t\t<div class=\"elementor-element elementor-element-3bb489ec elementor-widget elementor-widget-heading\" data-id=\"3bb489ec\" data-element_type=\"widget\" data-e-type=\"widget\" data-widget_type=\"heading.default\">\n\t\t\t\t<div class=\"elementor-widget-container\">\n\t\t\t\t\t<h3 class=\"elementor-heading-title elementor-size-default\">E-mail<\/h3>\t\t\t\t<\/div>\n\t\t\t\t<\/div>\n\t\t\t\t<div class=\"elementor-element elementor-element-721baec2 elementor-widget elementor-widget-text-editor\" data-id=\"721baec2\" data-element_type=\"widget\" data-e-type=\"widget\" data-widget_type=\"text-editor.default\">\n\t\t\t\t<div class=\"elementor-widget-container\">\n\t\t\t\t\t\t\t\t\t<p>nebe@vhube.cz<\/p>\t\t\t\t\t\t\t\t<\/div>\n\t\t\t\t<\/div>\n\t\t\t\t<div class=\"elementor-element elementor-element-1f9d8d2 elementor-shape-circle e-grid-align-left elementor-grid-0 elementor-widget elementor-widget-social-icons\" data-id=\"1f9d8d2\" data-element_type=\"widget\" data-e-type=\"widget\" data-widget_type=\"social-icons.default\">\n\t\t\t\t<div class=\"elementor-widget-container\">\n\t\t\t\t\t\t\t<div class=\"elementor-social-icons-wrapper elementor-grid\" role=\"list\">\n\t\t\t\t\t\t\t<span class=\"elementor-grid-item\" role=\"listitem\">\n\t\t\t\t\t<a class=\"elementor-icon elementor-social-icon elementor-social-icon-instagram elementor-animation-grow elementor-repeater-item-01ced65\" href=\"https:\/\/www.instagram.com\/nebevhubepraha\" target=\"_blank\">\n\t\t\t\t\t\t<span class=\"elementor-screen-only\">Instagram<\/span>\n\t\t\t\t\t\t<i aria-hidden=\"true\" class=\"fab fa-instagram\"><\/i>\t\t\t\t\t<\/a>\n\t\t\t\t<\/span>\n\t\t\t\t\t\t\t<span class=\"elementor-grid-item\" role=\"listitem\">\n\t\t\t\t\t<a class=\"elementor-icon elementor-social-icon elementor-social-icon-facebook elementor-animation-grow elementor-repeater-item-3327217\" href=\"https:\/\/www.facebook.com\/nebevhubepraha\" target=\"_blank\">\n\t\t\t\t\t\t<span class=\"elementor-screen-only\">Facebook<\/span>\n\t\t\t\t\t\t<i aria-hidden=\"true\" class=\"fab fa-facebook\"><\/i>\t\t\t\t\t<\/a>\n\t\t\t\t<\/span>\n\t\t\t\t\t\t\t<span class=\"elementor-grid-item\" role=\"listitem\">\n\t\t\t\t\t<a class=\"elementor-icon elementor-social-icon elementor-social-icon-facebook-messenger elementor-animation-grow elementor-repeater-item-10264c0\" href=\"http:\/\/m.me\/nebevhubepraha\" target=\"_blank\">\n\t\t\t\t\t\t<span class=\"elementor-screen-only\">Facebook-messenger<\/span>\n\t\t\t\t\t\t<i aria-hidden=\"true\" class=\"fab fa-facebook-messenger\"><\/i>\t\t\t\t\t<\/a>\n\t\t\t\t<\/span>\n\t\t\t\t\t<\/div>\n\t\t\t\t\t\t<\/div>\n\t\t\t\t<\/div>\n\t\t\t\t\t<\/div>\n\t\t<\/div>\n\t\t\t\t\t<\/div>\n\t\t<\/section>\n\t\t\t\t<\/div>\n\t\t","protected":false},"excerpt":{"rendered":"<p>kapcsolat \u00edrjon nek\u00fcnk! Ha b\u00e1rmilyen k\u00e9rd\u00e9se vagy k\u00fcl\u00f6nleges ig\u00e9nye van, ne habozzon \u00fczenetet k\u00fcldeni nek\u00fcnk az al\u00e1bbi \u0171rlapon vagy a szomsz\u00e9d mez\u0151ben tal\u00e1lhat\u00f3 el\u00e9rhet\u0151s\u00e9gek b\u00e1rmelyik\u00e9n. telefon +420 777 093 489 E-mail nebe@vhube.cz Instagram Facebook Facebook-messenger<\/p>","protected":false},"author":1,"featured_media":0,"parent":0,"menu_order":0,"comment_status":"closed","ping_status":"closed","template":"","meta":{"footnotes":""},"class_list":["post-37","page","type-page","status-publish","hentry"],"yoast_head":"<!-- This site is optimized with the Yoast SEO plugin v27.0 - https:\/\/yoast.com\/product\/yoast-seo-wordpress\/ -->\n<title>Kapcsolat &#8226; Nebe v Hub\u011b<\/title>\n<meta name=\"description\" content=\"Contact us!\" \/>\n<meta name=\"robots\" content=\"index, follow, max-snippet:-1, max-image-preview:large, max-video-preview:-1\" \/>\n<link rel=\"canonical\" href=\"https:\/\/nebevhubepraha.cz\/cs\/kapcsolat\/\" \/>\n<meta property=\"og:locale\" content=\"cs_CZ\" \/>\n<meta property=\"og:type\" content=\"article\" \/>\n<meta property=\"og:title\" content=\"Kapcsolat &#8226; Nebe v Hub\u011b\" \/>\n<meta property=\"og:description\" content=\"Contact us!\" \/>\n<meta property=\"og:url\" content=\"https:\/\/nebevhubepraha.cz\/cs\/kapcsolat\/\" \/>\n<meta property=\"og:site_name\" content=\"Nebe v Hub\u011b\" \/>\n<meta property=\"article:publisher\" content=\"https:\/\/www.facebook.com\/nebevhubePraha\" \/>\n<meta property=\"article:modified_time\" content=\"2025-12-07T21:02:15+00:00\" \/>\n<meta property=\"og:image\" content=\"https:\/\/nebevhubepraha.cz\/wp-content\/uploads\/2021\/12\/NH_PPT-scaled.jpg\" \/>\n\t<meta property=\"og:image:width\" content=\"2048\" \/>\n\t<meta property=\"og:image:height\" content=\"1217\" \/>\n\t<meta property=\"og:image:type\" content=\"image\/jpeg\" \/>\n<meta name=\"twitter:card\" content=\"summary_large_image\" \/>\n<meta name=\"twitter:label1\" content=\"Odhadovan\u00e1 doba \u010dten\u00ed\" \/>\n\t<meta name=\"twitter:data1\" content=\"1 minuta\" \/>\n<script type=\"application\/ld+json\" class=\"yoast-schema-graph\">{\"@context\":\"https:\/\/schema.org\",\"@graph\":[{\"@type\":\"WebPage\",\"@id\":\"https:\/\/nebevhubepraha.cz\/kapcsolat\/\",\"url\":\"https:\/\/nebevhubepraha.cz\/kapcsolat\/\",\"name\":\"Kapcsolat &#8226; Nebe v Hub\u011b\",\"isPartOf\":{\"@id\":\"https:\/\/nebevhubepraha.cz\/#website\"},\"datePublished\":\"2021-10-06T21:34:10+00:00\",\"dateModified\":\"2025-12-07T21:02:15+00:00\",\"description\":\"Contact us!\",\"breadcrumb\":{\"@id\":\"https:\/\/nebevhubepraha.cz\/kapcsolat\/#breadcrumb\"},\"inLanguage\":\"cs\",\"potentialAction\":[{\"@type\":\"ReadAction\",\"target\":[\"https:\/\/nebevhubepraha.cz\/kapcsolat\/\"]}]},{\"@type\":\"BreadcrumbList\",\"@id\":\"https:\/\/nebevhubepraha.cz\/kapcsolat\/#breadcrumb\",\"itemListElement\":[{\"@type\":\"ListItem\",\"position\":1,\"name\":\"Kezd\u0151lap\",\"item\":\"https:\/\/nebevhubepraha.cz\/\"},{\"@type\":\"ListItem\",\"position\":2,\"name\":\"Kapcsolat\"}]},{\"@type\":\"WebSite\",\"@id\":\"https:\/\/nebevhubepraha.cz\/#website\",\"url\":\"https:\/\/nebevhubepraha.cz\/\",\"name\":\"Nebe v Hub\u011b\",\"description\":\"ma\u010farsk\u00e9 dobroty\",\"publisher\":{\"@id\":\"https:\/\/nebevhubepraha.cz\/#organization\"},\"potentialAction\":[{\"@type\":\"SearchAction\",\"target\":{\"@type\":\"EntryPoint\",\"urlTemplate\":\"https:\/\/nebevhubepraha.cz\/?s={search_term_string}\"},\"query-input\":{\"@type\":\"PropertyValueSpecification\",\"valueRequired\":true,\"valueName\":\"search_term_string\"}}],\"inLanguage\":\"cs\"},{\"@type\":\"Organization\",\"@id\":\"https:\/\/nebevhubepraha.cz\/#organization\",\"name\":\"Nebe V Hub\u011b\",\"url\":\"https:\/\/nebevhubepraha.cz\/\",\"logo\":{\"@type\":\"ImageObject\",\"inLanguage\":\"cs\",\"@id\":\"https:\/\/nebevhubepraha.cz\/#\/schema\/logo\/image\/\",\"url\":\"https:\/\/nebevhubepraha.cz\/wp-content\/uploads\/2021\/12\/NH_PPT.jpg\",\"contentUrl\":\"https:\/\/nebevhubepraha.cz\/wp-content\/uploads\/2021\/12\/NH_PPT.jpg\",\"width\":2136,\"height\":1269,\"caption\":\"Nebe V Hub\u011b\"},\"image\":{\"@id\":\"https:\/\/nebevhubepraha.cz\/#\/schema\/logo\/image\/\"},\"sameAs\":[\"https:\/\/www.facebook.com\/nebevhubePraha\",\"https:\/\/www.instagram.com\/nebevhubepraha\/\"]}]}<\/script>\n<!-- \/ Yoast SEO plugin. -->","yoast_head_json":{"title":"Kontakty \u2022 Nebe v Hub\u011b","description":"Kontaktujte n\u00e1s!","robots":{"index":"index","follow":"follow","max-snippet":"max-snippet:-1","max-image-preview":"max-image-preview:large","max-video-preview":"max-video-preview:-1"},"canonical":"https:\/\/nebevhubepraha.cz\/cs\/kapcsolat\/","og_locale":"cs_CZ","og_type":"article","og_title":"Kapcsolat &#8226; Nebe v Hub\u011b","og_description":"Contact us!","og_url":"https:\/\/nebevhubepraha.cz\/cs\/kapcsolat\/","og_site_name":"Nebe v Hub\u011b","article_publisher":"https:\/\/www.facebook.com\/nebevhubePraha","article_modified_time":"2025-12-07T21:02:15+00:00","og_image":[{"width":2048,"height":1217,"url":"https:\/\/nebevhubepraha.cz\/wp-content\/uploads\/2021\/12\/NH_PPT-scaled.jpg","type":"image\/jpeg"}],"twitter_card":"summary_large_image","twitter_misc":{"Odhadovan\u00e1 doba \u010dten\u00ed":"1 minuta"},"schema":{"@context":"https:\/\/schema.org","@graph":[{"@type":"WebPage","@id":"https:\/\/nebevhubepraha.cz\/kapcsolat\/","url":"https:\/\/nebevhubepraha.cz\/kapcsolat\/","name":"Kontakty \u2022 Nebe v Hub\u011b","isPartOf":{"@id":"https:\/\/nebevhubepraha.cz\/#website"},"datePublished":"2021-10-06T21:34:10+00:00","dateModified":"2025-12-07T21:02:15+00:00","description":"Kontaktujte n\u00e1s!","breadcrumb":{"@id":"https:\/\/nebevhubepraha.cz\/kapcsolat\/#breadcrumb"},"inLanguage":"cs","potentialAction":[{"@type":"ReadAction","target":["https:\/\/nebevhubepraha.cz\/kapcsolat\/"]}]},{"@type":"BreadcrumbList","@id":"https:\/\/nebevhubepraha.cz\/kapcsolat\/#breadcrumb","itemListElement":[{"@type":"ListItem","position":1,"name":"Kezd\u0151lap","item":"https:\/\/nebevhubepraha.cz\/"},{"@type":"ListItem","position":2,"name":"Kapcsolat"}]},{"@type":"WebSite","@id":"https:\/\/nebevhubepraha.cz\/#website","url":"https:\/\/nebevhubepraha.cz\/","name":"Nebe v Hub\u011b","description":"ma\u010farsk\u00e9 dobroty","publisher":{"@id":"https:\/\/nebevhubepraha.cz\/#organization"},"potentialAction":[{"@type":"SearchAction","target":{"@type":"EntryPoint","urlTemplate":"https:\/\/nebevhubepraha.cz\/?s={search_term_string}"},"query-input":{"@type":"PropertyValueSpecification","valueRequired":true,"valueName":"search_term_string"}}],"inLanguage":"cs"},{"@type":"Organization","@id":"https:\/\/nebevhubepraha.cz\/#organization","name":"Nebe V Hub\u011b","url":"https:\/\/nebevhubepraha.cz\/","logo":{"@type":"ImageObject","inLanguage":"cs","@id":"https:\/\/nebevhubepraha.cz\/#\/schema\/logo\/image\/","url":"https:\/\/nebevhubepraha.cz\/wp-content\/uploads\/2021\/12\/NH_PPT.jpg","contentUrl":"https:\/\/nebevhubepraha.cz\/wp-content\/uploads\/2021\/12\/NH_PPT.jpg","width":2136,"height":1269,"caption":"Nebe V Hub\u011b"},"image":{"@id":"https:\/\/nebevhubepraha.cz\/#\/schema\/logo\/image\/"},"sameAs":["https:\/\/www.facebook.com\/nebevhubePraha","https:\/\/www.instagram.com\/nebevhubepraha\/"]}]}},"jetpack_sharing_enabled":true,"_links":{"self":[{"href":"https:\/\/nebevhubepraha.cz\/cs\/wp-json\/wp\/v2\/pages\/37","targetHints":{"allow":["GET"]}}],"collection":[{"href":"https:\/\/nebevhubepraha.cz\/cs\/wp-json\/wp\/v2\/pages"}],"about":[{"href":"https:\/\/nebevhubepraha.cz\/cs\/wp-json\/wp\/v2\/types\/page"}],"author":[{"embeddable":true,"href":"https:\/\/nebevhubepraha.cz\/cs\/wp-json\/wp\/v2\/users\/1"}],"replies":[{"embeddable":true,"href":"https:\/\/nebevhubepraha.cz\/cs\/wp-json\/wp\/v2\/comments?post=37"}],"version-history":[{"count":6,"href":"https:\/\/nebevhubepraha.cz\/cs\/wp-json\/wp\/v2\/pages\/37\/revisions"}],"predecessor-version":[{"id":4975,"href":"https:\/\/nebevhubepraha.cz\/cs\/wp-json\/wp\/v2\/pages\/37\/revisions\/4975"}],"wp:attachment":[{"href":"https:\/\/nebevhubepraha.cz\/cs\/wp-json\/wp\/v2\/media?parent=37"}],"curies":[{"name":"wp","href":"https:\/\/api.w.org\/{rel}","templated":true}]}}