{"id":3353,"date":"2022-11-24T15:16:19","date_gmt":"2022-11-24T14:16:19","guid":{"rendered":"https:\/\/nebevhubepraha.cz\/?post_type=product&#038;p=3353"},"modified":"2026-01-05T12:08:53","modified_gmt":"2026-01-05T11:08:53","slug":"huszargomb","status":"publish","type":"product","link":"https:\/\/nebevhubepraha.cz\/cs\/produkt\/huszargomb\/","title":{"rendered":"ryt\u00ed\u0159sk\u00e9 tla\u010d\u00edtko"},"content":{"rendered":"","protected":false},"excerpt":{"rendered":"","protected":false},"featured_media":2771,"comment_status":"closed","ping_status":"closed","template":"","meta":[],"product_brand":[],"product_cat":[100],"product_tag":[],"class_list":{"0":"post-3353","1":"product","2":"type-product","3":"status-publish","4":"has-post-thumbnail","6":"product_cat-aprosutemeny","8":"first","9":"instock","10":"shipping-taxable","11":"purchasable","12":"product-type-variable"},"yoast_head":"<!-- This site is optimized with the Yoast SEO plugin v27.0 - https:\/\/yoast.com\/product\/yoast-seo-wordpress\/ -->\n<title>husz\u00e1rgomb &#8226; Nebe v Hub\u011b<\/title>\n<meta name=\"robots\" content=\"index, follow, max-snippet:-1, max-image-preview:large, max-video-preview:-1\" \/>\n<link rel=\"canonical\" href=\"https:\/\/nebevhubepraha.cz\/cs\/produkt\/huszargomb\/\" \/>\n<meta property=\"og:locale\" content=\"cs_CZ\" \/>\n<meta property=\"og:type\" content=\"article\" \/>\n<meta property=\"og:title\" content=\"husz\u00e1rgomb &#8226; Nebe v Hub\u011b\" \/>\n<meta property=\"og:url\" content=\"https:\/\/nebevhubepraha.cz\/cs\/produkt\/huszargomb\/\" \/>\n<meta property=\"og:site_name\" content=\"Nebe v Hub\u011b\" \/>\n<meta property=\"article:publisher\" content=\"https:\/\/www.facebook.com\/nebevhubePraha\" \/>\n<meta property=\"article:modified_time\" content=\"2026-01-05T11:08:53+00:00\" \/>\n<meta property=\"og:image\" content=\"https:\/\/nebevhubepraha.cz\/wp-content\/uploads\/2022\/09\/DSC05921_1200.jpg\" \/>\n\t<meta property=\"og:image:width\" content=\"1200\" \/>\n\t<meta property=\"og:image:height\" content=\"800\" \/>\n\t<meta property=\"og:image:type\" content=\"image\/jpeg\" \/>\n<meta name=\"twitter:card\" content=\"summary_large_image\" \/>\n<script type=\"application\/ld+json\" class=\"yoast-schema-graph\">{\"@context\":\"https:\/\/schema.org\",\"@graph\":[{\"@type\":\"WebPage\",\"@id\":\"https:\/\/nebevhubepraha.cz\/termek\/huszargomb\/\",\"url\":\"https:\/\/nebevhubepraha.cz\/termek\/huszargomb\/\",\"name\":\"husz\u00e1rgomb &#8226; Nebe v Hub\u011b\",\"isPartOf\":{\"@id\":\"https:\/\/nebevhubepraha.cz\/#website\"},\"primaryImageOfPage\":{\"@id\":\"https:\/\/nebevhubepraha.cz\/termek\/huszargomb\/#primaryimage\"},\"image\":{\"@id\":\"https:\/\/nebevhubepraha.cz\/termek\/huszargomb\/#primaryimage\"},\"thumbnailUrl\":\"https:\/\/nebevhubepraha.cz\/wp-content\/uploads\/2022\/09\/DSC05921_1200.jpg\",\"datePublished\":\"2022-11-24T14:16:19+00:00\",\"dateModified\":\"2026-01-05T11:08:53+00:00\",\"breadcrumb\":{\"@id\":\"https:\/\/nebevhubepraha.cz\/termek\/huszargomb\/#breadcrumb\"},\"inLanguage\":\"cs\",\"potentialAction\":[{\"@type\":\"ReadAction\",\"target\":[\"https:\/\/nebevhubepraha.cz\/termek\/huszargomb\/\"]}]},{\"@type\":\"ImageObject\",\"inLanguage\":\"cs\",\"@id\":\"https:\/\/nebevhubepraha.cz\/termek\/huszargomb\/#primaryimage\",\"url\":\"https:\/\/nebevhubepraha.cz\/wp-content\/uploads\/2022\/09\/DSC05921_1200.jpg\",\"contentUrl\":\"https:\/\/nebevhubepraha.cz\/wp-content\/uploads\/2022\/09\/DSC05921_1200.jpg\",\"width\":1200,\"height\":800},{\"@type\":\"BreadcrumbList\",\"@id\":\"https:\/\/nebevhubepraha.cz\/termek\/huszargomb\/#breadcrumb\",\"itemListElement\":[{\"@type\":\"ListItem\",\"position\":1,\"name\":\"Kezd\u0151lap\",\"item\":\"https:\/\/nebevhubepraha.cz\/\"},{\"@type\":\"ListItem\",\"position\":2,\"name\":\"S\u00fctijeink\",\"item\":\"https:\/\/nebevhubepraha.cz\/sutijeink\/\"},{\"@type\":\"ListItem\",\"position\":3,\"name\":\"husz\u00e1rgomb\"}]},{\"@type\":\"WebSite\",\"@id\":\"https:\/\/nebevhubepraha.cz\/#website\",\"url\":\"https:\/\/nebevhubepraha.cz\/\",\"name\":\"Nebe v Hub\u011b\",\"description\":\"ma\u010farsk\u00e9 dobroty\",\"publisher\":{\"@id\":\"https:\/\/nebevhubepraha.cz\/#organization\"},\"potentialAction\":[{\"@type\":\"SearchAction\",\"target\":{\"@type\":\"EntryPoint\",\"urlTemplate\":\"https:\/\/nebevhubepraha.cz\/?s={search_term_string}\"},\"query-input\":{\"@type\":\"PropertyValueSpecification\",\"valueRequired\":true,\"valueName\":\"search_term_string\"}}],\"inLanguage\":\"cs\"},{\"@type\":\"Organization\",\"@id\":\"https:\/\/nebevhubepraha.cz\/#organization\",\"name\":\"Nebe V Hub\u011b\",\"url\":\"https:\/\/nebevhubepraha.cz\/\",\"logo\":{\"@type\":\"ImageObject\",\"inLanguage\":\"cs\",\"@id\":\"https:\/\/nebevhubepraha.cz\/#\/schema\/logo\/image\/\",\"url\":\"https:\/\/nebevhubepraha.cz\/wp-content\/uploads\/2021\/12\/NH_PPT.jpg\",\"contentUrl\":\"https:\/\/nebevhubepraha.cz\/wp-content\/uploads\/2021\/12\/NH_PPT.jpg\",\"width\":2136,\"height\":1269,\"caption\":\"Nebe V Hub\u011b\"},\"image\":{\"@id\":\"https:\/\/nebevhubepraha.cz\/#\/schema\/logo\/image\/\"},\"sameAs\":[\"https:\/\/www.facebook.com\/nebevhubePraha\",\"https:\/\/www.instagram.com\/nebevhubepraha\/\"]}]}<\/script>\n<!-- \/ Yoast SEO plugin. -->","yoast_head_json":{"title":"husz\u00e1rgomb &#8226; Nebe v Hub\u011b","robots":{"index":"index","follow":"follow","max-snippet":"max-snippet:-1","max-image-preview":"max-image-preview:large","max-video-preview":"max-video-preview:-1"},"canonical":"https:\/\/nebevhubepraha.cz\/cs\/produkt\/huszargomb\/","og_locale":"cs_CZ","og_type":"article","og_title":"husz\u00e1rgomb &#8226; Nebe v Hub\u011b","og_url":"https:\/\/nebevhubepraha.cz\/cs\/produkt\/huszargomb\/","og_site_name":"Nebe v Hub\u011b","article_publisher":"https:\/\/www.facebook.com\/nebevhubePraha","article_modified_time":"2026-01-05T11:08:53+00:00","og_image":[{"width":1200,"height":800,"url":"https:\/\/nebevhubepraha.cz\/wp-content\/uploads\/2022\/09\/DSC05921_1200.jpg","type":"image\/jpeg"}],"twitter_card":"summary_large_image","schema":{"@context":"https:\/\/schema.org","@graph":[{"@type":"WebPage","@id":"https:\/\/nebevhubepraha.cz\/termek\/huszargomb\/","url":"https:\/\/nebevhubepraha.cz\/termek\/huszargomb\/","name":"husz\u00e1rgomb &#8226; Nebe v Hub\u011b","isPartOf":{"@id":"https:\/\/nebevhubepraha.cz\/#website"},"primaryImageOfPage":{"@id":"https:\/\/nebevhubepraha.cz\/termek\/huszargomb\/#primaryimage"},"image":{"@id":"https:\/\/nebevhubepraha.cz\/termek\/huszargomb\/#primaryimage"},"thumbnailUrl":"https:\/\/nebevhubepraha.cz\/wp-content\/uploads\/2022\/09\/DSC05921_1200.jpg","datePublished":"2022-11-24T14:16:19+00:00","dateModified":"2026-01-05T11:08:53+00:00","breadcrumb":{"@id":"https:\/\/nebevhubepraha.cz\/termek\/huszargomb\/#breadcrumb"},"inLanguage":"cs","potentialAction":[{"@type":"ReadAction","target":["https:\/\/nebevhubepraha.cz\/termek\/huszargomb\/"]}]},{"@type":"ImageObject","inLanguage":"cs","@id":"https:\/\/nebevhubepraha.cz\/termek\/huszargomb\/#primaryimage","url":"https:\/\/nebevhubepraha.cz\/wp-content\/uploads\/2022\/09\/DSC05921_1200.jpg","contentUrl":"https:\/\/nebevhubepraha.cz\/wp-content\/uploads\/2022\/09\/DSC05921_1200.jpg","width":1200,"height":800},{"@type":"BreadcrumbList","@id":"https:\/\/nebevhubepraha.cz\/termek\/huszargomb\/#breadcrumb","itemListElement":[{"@type":"ListItem","position":1,"name":"Kezd\u0151lap","item":"https:\/\/nebevhubepraha.cz\/"},{"@type":"ListItem","position":2,"name":"S\u00fctijeink","item":"https:\/\/nebevhubepraha.cz\/sutijeink\/"},{"@type":"ListItem","position":3,"name":"husz\u00e1rgomb"}]},{"@type":"WebSite","@id":"https:\/\/nebevhubepraha.cz\/#website","url":"https:\/\/nebevhubepraha.cz\/","name":"Nebe v Hub\u011b","description":"ma\u010farsk\u00e9 dobroty","publisher":{"@id":"https:\/\/nebevhubepraha.cz\/#organization"},"potentialAction":[{"@type":"SearchAction","target":{"@type":"EntryPoint","urlTemplate":"https:\/\/nebevhubepraha.cz\/?s={search_term_string}"},"query-input":{"@type":"PropertyValueSpecification","valueRequired":true,"valueName":"search_term_string"}}],"inLanguage":"cs"},{"@type":"Organization","@id":"https:\/\/nebevhubepraha.cz\/#organization","name":"Nebe V Hub\u011b","url":"https:\/\/nebevhubepraha.cz\/","logo":{"@type":"ImageObject","inLanguage":"cs","@id":"https:\/\/nebevhubepraha.cz\/#\/schema\/logo\/image\/","url":"https:\/\/nebevhubepraha.cz\/wp-content\/uploads\/2021\/12\/NH_PPT.jpg","contentUrl":"https:\/\/nebevhubepraha.cz\/wp-content\/uploads\/2021\/12\/NH_PPT.jpg","width":2136,"height":1269,"caption":"Nebe V Hub\u011b"},"image":{"@id":"https:\/\/nebevhubepraha.cz\/#\/schema\/logo\/image\/"},"sameAs":["https:\/\/www.facebook.com\/nebevhubePraha","https:\/\/www.instagram.com\/nebevhubepraha\/"]}]}},"jetpack_sharing_enabled":true,"_links":{"self":[{"href":"https:\/\/nebevhubepraha.cz\/cs\/wp-json\/wp\/v2\/product\/3353","targetHints":{"allow":["GET"]}}],"collection":[{"href":"https:\/\/nebevhubepraha.cz\/cs\/wp-json\/wp\/v2\/product"}],"about":[{"href":"https:\/\/nebevhubepraha.cz\/cs\/wp-json\/wp\/v2\/types\/product"}],"replies":[{"embeddable":true,"href":"https:\/\/nebevhubepraha.cz\/cs\/wp-json\/wp\/v2\/comments?post=3353"}],"version-history":[{"count":1,"href":"https:\/\/nebevhubepraha.cz\/cs\/wp-json\/wp\/v2\/product\/3353\/revisions"}],"predecessor-version":[{"id":4994,"href":"https:\/\/nebevhubepraha.cz\/cs\/wp-json\/wp\/v2\/product\/3353\/revisions\/4994"}],"wp:featuredmedia":[{"embeddable":true,"href":"https:\/\/nebevhubepraha.cz\/cs\/wp-json\/wp\/v2\/media\/2771"}],"wp:attachment":[{"href":"https:\/\/nebevhubepraha.cz\/cs\/wp-json\/wp\/v2\/media?parent=3353"}],"wp:term":[{"taxonomy":"product_brand","embeddable":true,"href":"https:\/\/nebevhubepraha.cz\/cs\/wp-json\/wp\/v2\/product_brand?post=3353"},{"taxonomy":"product_cat","embeddable":true,"href":"https:\/\/nebevhubepraha.cz\/cs\/wp-json\/wp\/v2\/product_cat?post=3353"},{"taxonomy":"product_tag","embeddable":true,"href":"https:\/\/nebevhubepraha.cz\/cs\/wp-json\/wp\/v2\/product_tag?post=3353"}],"curies":[{"name":"wp","href":"https:\/\/api.w.org\/{rel}","templated":true}]}}