{"id":3839,"date":"2023-02-19T23:34:06","date_gmt":"2023-02-19T22:34:06","guid":{"rendered":"https:\/\/nebevhubepraha.cz\/?post_type=product&#038;p=3839"},"modified":"2026-01-05T12:07:54","modified_gmt":"2026-01-05T11:07:54","slug":"lusta-asszony-retese","status":"publish","type":"product","link":"https:\/\/nebevhubepraha.cz\/cs\/produkt\/lusta-asszony-retese\/","title":{"rendered":"\u0161tr\u016fdl l\u00edn\u00e9 d\u00e1my"},"content":{"rendered":"","protected":false},"excerpt":{"rendered":"","protected":false},"featured_media":3831,"comment_status":"closed","ping_status":"closed","template":"","meta":[],"product_brand":[],"product_cat":[76,98],"product_tag":[],"class_list":{"0":"post-3839","1":"product","2":"type-product","3":"status-publish","4":"has-post-thumbnail","6":"product_cat-edes","7":"product_cat-retesek","9":"first","10":"instock","11":"shipping-taxable","12":"purchasable","13":"product-type-variable"},"yoast_head":"<!-- This site is optimized with the Yoast SEO plugin v27.0 - https:\/\/yoast.com\/product\/yoast-seo-wordpress\/ -->\n<title>lusta asszony r\u00e9tese &#8226; Nebe v Hub\u011b<\/title>\n<meta name=\"robots\" content=\"index, follow, max-snippet:-1, max-image-preview:large, max-video-preview:-1\" \/>\n<link rel=\"canonical\" href=\"https:\/\/nebevhubepraha.cz\/cs\/produkt\/lusta-asszony-retese\/\" \/>\n<meta property=\"og:locale\" content=\"cs_CZ\" \/>\n<meta property=\"og:type\" content=\"article\" \/>\n<meta property=\"og:title\" content=\"lusta asszony r\u00e9tese &#8226; Nebe v Hub\u011b\" \/>\n<meta property=\"og:url\" content=\"https:\/\/nebevhubepraha.cz\/cs\/produkt\/lusta-asszony-retese\/\" \/>\n<meta property=\"og:site_name\" content=\"Nebe v Hub\u011b\" \/>\n<meta property=\"article:publisher\" content=\"https:\/\/www.facebook.com\/nebevhubePraha\" \/>\n<meta property=\"article:modified_time\" content=\"2026-01-05T11:07:54+00:00\" \/>\n<meta property=\"og:image\" content=\"https:\/\/nebevhubepraha.cz\/wp-content\/uploads\/2022\/11\/DSC06312-2.jpg\" \/>\n\t<meta property=\"og:image:width\" content=\"1536\" \/>\n\t<meta property=\"og:image:height\" content=\"1024\" \/>\n\t<meta property=\"og:image:type\" content=\"image\/jpeg\" \/>\n<meta name=\"twitter:card\" content=\"summary_large_image\" \/>\n<script type=\"application\/ld+json\" class=\"yoast-schema-graph\">{\"@context\":\"https:\/\/schema.org\",\"@graph\":[{\"@type\":\"WebPage\",\"@id\":\"https:\/\/nebevhubepraha.cz\/termek\/lusta-asszony-retese\/\",\"url\":\"https:\/\/nebevhubepraha.cz\/termek\/lusta-asszony-retese\/\",\"name\":\"lusta asszony r\u00e9tese &#8226; Nebe v Hub\u011b\",\"isPartOf\":{\"@id\":\"https:\/\/nebevhubepraha.cz\/#website\"},\"primaryImageOfPage\":{\"@id\":\"https:\/\/nebevhubepraha.cz\/termek\/lusta-asszony-retese\/#primaryimage\"},\"image\":{\"@id\":\"https:\/\/nebevhubepraha.cz\/termek\/lusta-asszony-retese\/#primaryimage\"},\"thumbnailUrl\":\"https:\/\/nebevhubepraha.cz\/wp-content\/uploads\/2022\/11\/DSC06312-2.jpg\",\"datePublished\":\"2023-02-19T22:34:06+00:00\",\"dateModified\":\"2026-01-05T11:07:54+00:00\",\"breadcrumb\":{\"@id\":\"https:\/\/nebevhubepraha.cz\/termek\/lusta-asszony-retese\/#breadcrumb\"},\"inLanguage\":\"cs\",\"potentialAction\":[{\"@type\":\"ReadAction\",\"target\":[\"https:\/\/nebevhubepraha.cz\/termek\/lusta-asszony-retese\/\"]}]},{\"@type\":\"ImageObject\",\"inLanguage\":\"cs\",\"@id\":\"https:\/\/nebevhubepraha.cz\/termek\/lusta-asszony-retese\/#primaryimage\",\"url\":\"https:\/\/nebevhubepraha.cz\/wp-content\/uploads\/2022\/11\/DSC06312-2.jpg\",\"contentUrl\":\"https:\/\/nebevhubepraha.cz\/wp-content\/uploads\/2022\/11\/DSC06312-2.jpg\",\"width\":1536,\"height\":1024},{\"@type\":\"BreadcrumbList\",\"@id\":\"https:\/\/nebevhubepraha.cz\/termek\/lusta-asszony-retese\/#breadcrumb\",\"itemListElement\":[{\"@type\":\"ListItem\",\"position\":1,\"name\":\"Kezd\u0151lap\",\"item\":\"https:\/\/nebevhubepraha.cz\/\"},{\"@type\":\"ListItem\",\"position\":2,\"name\":\"S\u00fctijeink\",\"item\":\"https:\/\/nebevhubepraha.cz\/sutijeink\/\"},{\"@type\":\"ListItem\",\"position\":3,\"name\":\"lusta asszony r\u00e9tese\"}]},{\"@type\":\"WebSite\",\"@id\":\"https:\/\/nebevhubepraha.cz\/#website\",\"url\":\"https:\/\/nebevhubepraha.cz\/\",\"name\":\"Nebe v Hub\u011b\",\"description\":\"ma\u010farsk\u00e9 dobroty\",\"publisher\":{\"@id\":\"https:\/\/nebevhubepraha.cz\/#organization\"},\"potentialAction\":[{\"@type\":\"SearchAction\",\"target\":{\"@type\":\"EntryPoint\",\"urlTemplate\":\"https:\/\/nebevhubepraha.cz\/?s={search_term_string}\"},\"query-input\":{\"@type\":\"PropertyValueSpecification\",\"valueRequired\":true,\"valueName\":\"search_term_string\"}}],\"inLanguage\":\"cs\"},{\"@type\":\"Organization\",\"@id\":\"https:\/\/nebevhubepraha.cz\/#organization\",\"name\":\"Nebe V Hub\u011b\",\"url\":\"https:\/\/nebevhubepraha.cz\/\",\"logo\":{\"@type\":\"ImageObject\",\"inLanguage\":\"cs\",\"@id\":\"https:\/\/nebevhubepraha.cz\/#\/schema\/logo\/image\/\",\"url\":\"https:\/\/nebevhubepraha.cz\/wp-content\/uploads\/2021\/12\/NH_PPT.jpg\",\"contentUrl\":\"https:\/\/nebevhubepraha.cz\/wp-content\/uploads\/2021\/12\/NH_PPT.jpg\",\"width\":2136,\"height\":1269,\"caption\":\"Nebe V Hub\u011b\"},\"image\":{\"@id\":\"https:\/\/nebevhubepraha.cz\/#\/schema\/logo\/image\/\"},\"sameAs\":[\"https:\/\/www.facebook.com\/nebevhubePraha\",\"https:\/\/www.instagram.com\/nebevhubepraha\/\"]}]}<\/script>\n<!-- \/ Yoast SEO plugin. -->","yoast_head_json":{"title":"lusta asszony r\u00e9tese &#8226; Nebe v Hub\u011b","robots":{"index":"index","follow":"follow","max-snippet":"max-snippet:-1","max-image-preview":"max-image-preview:large","max-video-preview":"max-video-preview:-1"},"canonical":"https:\/\/nebevhubepraha.cz\/cs\/produkt\/lusta-asszony-retese\/","og_locale":"cs_CZ","og_type":"article","og_title":"lusta asszony r\u00e9tese &#8226; Nebe v Hub\u011b","og_url":"https:\/\/nebevhubepraha.cz\/cs\/produkt\/lusta-asszony-retese\/","og_site_name":"Nebe v Hub\u011b","article_publisher":"https:\/\/www.facebook.com\/nebevhubePraha","article_modified_time":"2026-01-05T11:07:54+00:00","og_image":[{"width":1536,"height":1024,"url":"https:\/\/nebevhubepraha.cz\/wp-content\/uploads\/2022\/11\/DSC06312-2.jpg","type":"image\/jpeg"}],"twitter_card":"summary_large_image","schema":{"@context":"https:\/\/schema.org","@graph":[{"@type":"WebPage","@id":"https:\/\/nebevhubepraha.cz\/termek\/lusta-asszony-retese\/","url":"https:\/\/nebevhubepraha.cz\/termek\/lusta-asszony-retese\/","name":"lusta asszony r\u00e9tese &#8226; Nebe v Hub\u011b","isPartOf":{"@id":"https:\/\/nebevhubepraha.cz\/#website"},"primaryImageOfPage":{"@id":"https:\/\/nebevhubepraha.cz\/termek\/lusta-asszony-retese\/#primaryimage"},"image":{"@id":"https:\/\/nebevhubepraha.cz\/termek\/lusta-asszony-retese\/#primaryimage"},"thumbnailUrl":"https:\/\/nebevhubepraha.cz\/wp-content\/uploads\/2022\/11\/DSC06312-2.jpg","datePublished":"2023-02-19T22:34:06+00:00","dateModified":"2026-01-05T11:07:54+00:00","breadcrumb":{"@id":"https:\/\/nebevhubepraha.cz\/termek\/lusta-asszony-retese\/#breadcrumb"},"inLanguage":"cs","potentialAction":[{"@type":"ReadAction","target":["https:\/\/nebevhubepraha.cz\/termek\/lusta-asszony-retese\/"]}]},{"@type":"ImageObject","inLanguage":"cs","@id":"https:\/\/nebevhubepraha.cz\/termek\/lusta-asszony-retese\/#primaryimage","url":"https:\/\/nebevhubepraha.cz\/wp-content\/uploads\/2022\/11\/DSC06312-2.jpg","contentUrl":"https:\/\/nebevhubepraha.cz\/wp-content\/uploads\/2022\/11\/DSC06312-2.jpg","width":1536,"height":1024},{"@type":"BreadcrumbList","@id":"https:\/\/nebevhubepraha.cz\/termek\/lusta-asszony-retese\/#breadcrumb","itemListElement":[{"@type":"ListItem","position":1,"name":"Kezd\u0151lap","item":"https:\/\/nebevhubepraha.cz\/"},{"@type":"ListItem","position":2,"name":"S\u00fctijeink","item":"https:\/\/nebevhubepraha.cz\/sutijeink\/"},{"@type":"ListItem","position":3,"name":"lusta asszony r\u00e9tese"}]},{"@type":"WebSite","@id":"https:\/\/nebevhubepraha.cz\/#website","url":"https:\/\/nebevhubepraha.cz\/","name":"Nebe v Hub\u011b","description":"ma\u010farsk\u00e9 dobroty","publisher":{"@id":"https:\/\/nebevhubepraha.cz\/#organization"},"potentialAction":[{"@type":"SearchAction","target":{"@type":"EntryPoint","urlTemplate":"https:\/\/nebevhubepraha.cz\/?s={search_term_string}"},"query-input":{"@type":"PropertyValueSpecification","valueRequired":true,"valueName":"search_term_string"}}],"inLanguage":"cs"},{"@type":"Organization","@id":"https:\/\/nebevhubepraha.cz\/#organization","name":"Nebe V Hub\u011b","url":"https:\/\/nebevhubepraha.cz\/","logo":{"@type":"ImageObject","inLanguage":"cs","@id":"https:\/\/nebevhubepraha.cz\/#\/schema\/logo\/image\/","url":"https:\/\/nebevhubepraha.cz\/wp-content\/uploads\/2021\/12\/NH_PPT.jpg","contentUrl":"https:\/\/nebevhubepraha.cz\/wp-content\/uploads\/2021\/12\/NH_PPT.jpg","width":2136,"height":1269,"caption":"Nebe V Hub\u011b"},"image":{"@id":"https:\/\/nebevhubepraha.cz\/#\/schema\/logo\/image\/"},"sameAs":["https:\/\/www.facebook.com\/nebevhubePraha","https:\/\/www.instagram.com\/nebevhubepraha\/"]}]}},"jetpack_sharing_enabled":true,"_links":{"self":[{"href":"https:\/\/nebevhubepraha.cz\/cs\/wp-json\/wp\/v2\/product\/3839","targetHints":{"allow":["GET"]}}],"collection":[{"href":"https:\/\/nebevhubepraha.cz\/cs\/wp-json\/wp\/v2\/product"}],"about":[{"href":"https:\/\/nebevhubepraha.cz\/cs\/wp-json\/wp\/v2\/types\/product"}],"replies":[{"embeddable":true,"href":"https:\/\/nebevhubepraha.cz\/cs\/wp-json\/wp\/v2\/comments?post=3839"}],"version-history":[{"count":1,"href":"https:\/\/nebevhubepraha.cz\/cs\/wp-json\/wp\/v2\/product\/3839\/revisions"}],"predecessor-version":[{"id":4866,"href":"https:\/\/nebevhubepraha.cz\/cs\/wp-json\/wp\/v2\/product\/3839\/revisions\/4866"}],"wp:featuredmedia":[{"embeddable":true,"href":"https:\/\/nebevhubepraha.cz\/cs\/wp-json\/wp\/v2\/media\/3831"}],"wp:attachment":[{"href":"https:\/\/nebevhubepraha.cz\/cs\/wp-json\/wp\/v2\/media?parent=3839"}],"wp:term":[{"taxonomy":"product_brand","embeddable":true,"href":"https:\/\/nebevhubepraha.cz\/cs\/wp-json\/wp\/v2\/product_brand?post=3839"},{"taxonomy":"product_cat","embeddable":true,"href":"https:\/\/nebevhubepraha.cz\/cs\/wp-json\/wp\/v2\/product_cat?post=3839"},{"taxonomy":"product_tag","embeddable":true,"href":"https:\/\/nebevhubepraha.cz\/cs\/wp-json\/wp\/v2\/product_tag?post=3839"}],"curies":[{"name":"wp","href":"https:\/\/api.w.org\/{rel}","templated":true}]}}