{"id":31,"date":"2021-10-06T23:31:37","date_gmt":"2021-10-06T21:31:37","guid":{"rendered":"https:\/\/nebevhubepraha.cz\/?page_id=31"},"modified":"2025-12-07T22:10:37","modified_gmt":"2025-12-07T21:10:37","slug":"rolunk","status":"publish","type":"page","link":"https:\/\/nebevhubepraha.cz\/hu\/rolunk\/","title":{"rendered":"R\u00f3lunk"},"content":{"rendered":"\t\t<div data-elementor-type=\"wp-page\" data-elementor-id=\"31\" class=\"elementor elementor-31\" data-elementor-post-type=\"page\">\n\t\t\t\t\t\t<section class=\"elementor-section elementor-top-section elementor-element elementor-element-f4429f3 elementor-section-boxed elementor-section-height-default elementor-section-height-default\" data-id=\"f4429f3\" data-element_type=\"section\" data-e-type=\"section\" data-settings=\"{&quot;background_background&quot;:&quot;classic&quot;}\">\n\t\t\t\t\t\t\t<div class=\"elementor-background-overlay\"><\/div>\n\t\t\t\t\t\t\t<div class=\"elementor-container elementor-column-gap-default\">\n\t\t\t\t\t<div class=\"elementor-column elementor-col-100 elementor-top-column elementor-element elementor-element-fa8c423\" data-id=\"fa8c423\" data-element_type=\"column\" data-e-type=\"column\">\n\t\t\t<div class=\"elementor-widget-wrap elementor-element-populated\">\n\t\t\t\t\t\t<div class=\"elementor-element elementor-element-b917b76 elementor-widget elementor-widget-heading\" data-id=\"b917b76\" data-element_type=\"widget\" data-e-type=\"widget\" data-widget_type=\"heading.default\">\n\t\t\t\t<div class=\"elementor-widget-container\">\n\t\t\t\t\t<h1 class=\"elementor-heading-title elementor-size-default\">Kik vagyunk?<\/h1>\t\t\t\t<\/div>\n\t\t\t\t<\/div>\n\t\t\t\t\t<\/div>\n\t\t<\/div>\n\t\t\t\t\t<\/div>\n\t\t<\/section>\n\t\t\t\t<section class=\"elementor-section elementor-top-section elementor-element elementor-element-79e25b0 elementor-section-boxed elementor-section-height-default elementor-section-height-default\" data-id=\"79e25b0\" data-element_type=\"section\" data-e-type=\"section\" data-settings=\"{&quot;background_background&quot;:&quot;classic&quot;}\">\n\t\t\t\t\t\t\t<div class=\"elementor-background-overlay\"><\/div>\n\t\t\t\t\t\t\t<div class=\"elementor-container elementor-column-gap-default\">\n\t\t\t\t\t<div class=\"elementor-column elementor-col-50 elementor-top-column elementor-element elementor-element-7ee1b66\" data-id=\"7ee1b66\" data-element_type=\"column\" data-e-type=\"column\" data-settings=\"{&quot;background_background&quot;:&quot;classic&quot;}\">\n\t\t\t<div class=\"elementor-widget-wrap elementor-element-populated\">\n\t\t\t\t\t<div class=\"elementor-background-overlay\"><\/div>\n\t\t\t\t\t\t<div class=\"elementor-element elementor-element-52fd1d2 elementor-widget elementor-widget-text-editor\" data-id=\"52fd1d2\" data-element_type=\"widget\" data-e-type=\"widget\" data-widget_type=\"text-editor.default\">\n\t\t\t\t<div class=\"elementor-widget-container\">\n\t\t\t\t\t\t\t\t\t<p>Ismerd meg a &#8216;nebe v hub\u011b&#8217; var\u00e1zslatos vil\u00e1g\u00e1t, ami a rendk\u00edv\u00fcl \u00edzletes \u00e9s isteni \u00e9telekre utal a cseh kult\u00far\u00e1ban, sz\u00f3 szerinti jelent\u00e9se \u2019menyorsz\u00e1g a sz\u00e1jban\u2019. Ez a kifejez\u00e9s pontosan le\u00edrja nagymam\u00e1m s\u00fctijeinek mennyei \u00edzvil\u00e1g\u00e1t.<\/p><p>Fedezd fel Pr\u00e1ga egyed\u00fcl\u00e1ll\u00f3 s\u00fctiz\u0151j\u00e9t, ahol a nagymam\u00e1mt\u00f3l \u00f6r\u00f6k\u00f6lt, gener\u00e1ci\u00f3kon kereszt\u00fcl gy\u0171jt\u00f6tt receptek alapj\u00e1n k\u00e9sz\u00fclt magyar s\u00fctik csod\u00e1latos \u00edzeivel k\u00e9nyezetetheted magad.<\/p><p>Gasztron\u00f3miai kalandjaink nem csup\u00e1n hagyom\u00e1nyos magyar s\u00fctik, hanem olyan t\u00f6rt\u00e9netek, amelyek a magyar konyha \u00e9vsz\u00e1zados hagyom\u00e1nyaib\u00f3l eredve nagymam\u00e1m csal\u00e1dj\u00e1n kereszt\u00fcl vezetnek el hozz\u00e1nk Pr\u00e1g\u00e1ba.<\/p><p>Gyere el egy \u00e9des utaz\u00e1sra, ahol a hagyom\u00e1ny \u00e9s \u00edz harm\u00f3ni\u00e1ja elvar\u00e1zsolja \u00e9rz\u00e9keidet. Fedezd fel az igazi kulin\u00e1ris \u00e9lvezeteket \u00e9s engedd, hogy s\u00fctijeink szeretetteljes gondoskod\u00e1ssal simogass\u00e1k \u00edzlel\u0151bimb\u00f3idat.<\/p>\t\t\t\t\t\t\t\t<\/div>\n\t\t\t\t<\/div>\n\t\t\t\t<div class=\"elementor-element elementor-element-a6b1122 elementor-widget elementor-widget-text-editor\" data-id=\"a6b1122\" data-element_type=\"widget\" data-e-type=\"widget\" data-widget_type=\"text-editor.default\">\n\t\t\t\t<div class=\"elementor-widget-container\">\n\t\t\t\t\t\t\t\t\t<p><em>&#8211; Farkas &#8211;<\/em><\/p>\t\t\t\t\t\t\t\t<\/div>\n\t\t\t\t<\/div>\n\t\t\t\t\t<\/div>\n\t\t<\/div>\n\t\t\t\t<div class=\"elementor-column elementor-col-50 elementor-top-column elementor-element elementor-element-136e602\" data-id=\"136e602\" data-element_type=\"column\" data-e-type=\"column\">\n\t\t\t<div class=\"elementor-widget-wrap elementor-element-populated\">\n\t\t\t\t\t\t<div class=\"elementor-element elementor-element-856c992 elementor-widget elementor-widget-image\" data-id=\"856c992\" data-element_type=\"widget\" data-e-type=\"widget\" data-widget_type=\"image.default\">\n\t\t\t\t<div class=\"elementor-widget-container\">\n\t\t\t\t\t\t\t\t\t\t\t\t\t\t\t<img fetchpriority=\"high\" decoding=\"async\" width=\"600\" height=\"801\" src=\"https:\/\/nebevhubepraha.cz\/wp-content\/uploads\/2021\/12\/granny_young_and_old-e1703637579916.jpg\" class=\"attachment-full size-full wp-image-1649\" alt=\"\" srcset=\"https:\/\/nebevhubepraha.cz\/wp-content\/uploads\/2021\/12\/granny_young_and_old-e1703637579916.jpg 600w, https:\/\/nebevhubepraha.cz\/wp-content\/uploads\/2021\/12\/granny_young_and_old-e1703637579916-524x700.jpg 524w, https:\/\/nebevhubepraha.cz\/wp-content\/uploads\/2021\/12\/granny_young_and_old-e1703637579916-9x12.jpg 9w\" sizes=\"(max-width: 600px) 100vw, 600px\" \/>\t\t\t\t\t\t\t\t\t\t\t\t\t\t\t<\/div>\n\t\t\t\t<\/div>\n\t\t\t\t<div class=\"elementor-element elementor-element-503c1be elementor-widget elementor-widget-image\" data-id=\"503c1be\" data-element_type=\"widget\" data-e-type=\"widget\" data-widget_type=\"image.default\">\n\t\t\t\t<div class=\"elementor-widget-container\">\n\t\t\t\t\t\t\t\t\t\t\t\t\t\t\t<img decoding=\"async\" width=\"640\" height=\"960\" src=\"https:\/\/nebevhubepraha.cz\/wp-content\/uploads\/2021\/12\/73528699_10156214715282303_644304992013910016_n.jpg\" class=\"attachment-full size-full wp-image-1594\" alt=\"nebe v hub\u011b magyar s\u00fctik\" srcset=\"https:\/\/nebevhubepraha.cz\/wp-content\/uploads\/2021\/12\/73528699_10156214715282303_644304992013910016_n.jpg 640w, https:\/\/nebevhubepraha.cz\/wp-content\/uploads\/2021\/12\/73528699_10156214715282303_644304992013910016_n-600x900.jpg 600w, https:\/\/nebevhubepraha.cz\/wp-content\/uploads\/2021\/12\/73528699_10156214715282303_644304992013910016_n-467x700.jpg 467w\" sizes=\"(max-width: 640px) 100vw, 640px\" \/>\t\t\t\t\t\t\t\t\t\t\t\t\t\t\t<\/div>\n\t\t\t\t<\/div>\n\t\t\t\t\t<\/div>\n\t\t<\/div>\n\t\t\t\t\t<\/div>\n\t\t<\/section>\n\t\t\t\t<\/div>\n\t\t","protected":false},"excerpt":{"rendered":"<p>Kik vagyunk? Ismerd meg a &#8216;nebe v hub\u011b&#8217; var\u00e1zslatos vil\u00e1g\u00e1t, ami a rendk\u00edv\u00fcl \u00edzletes \u00e9s isteni \u00e9telekre utal a cseh kult\u00far\u00e1ban, sz\u00f3 szerinti jelent\u00e9se \u2019menyorsz\u00e1g a sz\u00e1jban\u2019. Ez a kifejez\u00e9s pontosan le\u00edrja nagymam\u00e1m s\u00fctijeinek mennyei \u00edzvil\u00e1g\u00e1t. Fedezd fel Pr\u00e1ga egyed\u00fcl\u00e1ll\u00f3 s\u00fctiz\u0151j\u00e9t, ahol a nagymam\u00e1mt\u00f3l \u00f6r\u00f6k\u00f6lt, gener\u00e1ci\u00f3kon kereszt\u00fcl gy\u0171jt\u00f6tt receptek alapj\u00e1n k\u00e9sz\u00fclt magyar s\u00fctik csod\u00e1latos \u00edzeivel [&hellip;]<\/p>\n","protected":false},"author":1,"featured_media":0,"parent":0,"menu_order":0,"comment_status":"closed","ping_status":"closed","template":"","meta":{"footnotes":""},"class_list":["post-31","page","type-page","status-publish","hentry"],"yoast_head":"<!-- This site is optimized with the Yoast SEO plugin v27.0 - https:\/\/yoast.com\/product\/yoast-seo-wordpress\/ -->\n<title>R\u00f3lunk &#8226; Nebe v Hub\u011b<\/title>\n<meta name=\"robots\" content=\"index, follow, max-snippet:-1, max-image-preview:large, max-video-preview:-1\" \/>\n<link rel=\"canonical\" href=\"https:\/\/nebevhubepraha.cz\/hu\/rolunk\/\" \/>\n<meta property=\"og:locale\" content=\"hu_HU\" \/>\n<meta property=\"og:type\" content=\"article\" \/>\n<meta property=\"og:title\" content=\"R\u00f3lunk &#8226; Nebe v Hub\u011b\" \/>\n<meta property=\"og:description\" content=\"Kik vagyunk? Ismerd meg a &#8216;nebe v hub\u011b&#8217; var\u00e1zslatos vil\u00e1g\u00e1t, ami a rendk\u00edv\u00fcl \u00edzletes \u00e9s isteni \u00e9telekre utal a cseh kult\u00far\u00e1ban, sz\u00f3 szerinti jelent\u00e9se \u2019menyorsz\u00e1g a sz\u00e1jban\u2019. Ez a kifejez\u00e9s pontosan le\u00edrja nagymam\u00e1m s\u00fctijeinek mennyei \u00edzvil\u00e1g\u00e1t. Fedezd fel Pr\u00e1ga egyed\u00fcl\u00e1ll\u00f3 s\u00fctiz\u0151j\u00e9t, ahol a nagymam\u00e1mt\u00f3l \u00f6r\u00f6k\u00f6lt, gener\u00e1ci\u00f3kon kereszt\u00fcl gy\u0171jt\u00f6tt receptek alapj\u00e1n k\u00e9sz\u00fclt magyar s\u00fctik csod\u00e1latos \u00edzeivel [&hellip;]\" \/>\n<meta property=\"og:url\" content=\"https:\/\/nebevhubepraha.cz\/hu\/rolunk\/\" \/>\n<meta property=\"og:site_name\" content=\"Nebe v Hub\u011b\" \/>\n<meta property=\"article:publisher\" content=\"https:\/\/www.facebook.com\/nebevhubePraha\" \/>\n<meta property=\"article:modified_time\" content=\"2025-12-07T21:10:37+00:00\" \/>\n<meta property=\"og:image\" content=\"https:\/\/nebevhubepraha.cz\/wp-content\/uploads\/2021\/12\/granny_young_and_old-e1703637579916.jpg\" \/>\n\t<meta property=\"og:image:width\" content=\"600\" \/>\n\t<meta property=\"og:image:height\" content=\"801\" \/>\n\t<meta property=\"og:image:type\" content=\"image\/jpeg\" \/>\n<meta name=\"twitter:card\" content=\"summary_large_image\" \/>\n<meta name=\"twitter:label1\" content=\"Becs\u00fclt olvas\u00e1si id\u0151\" \/>\n\t<meta name=\"twitter:data1\" content=\"1 perc\" \/>\n<script type=\"application\/ld+json\" class=\"yoast-schema-graph\">{\"@context\":\"https:\/\/schema.org\",\"@graph\":[{\"@type\":\"WebPage\",\"@id\":\"https:\/\/nebevhubepraha.cz\/rolunk\/\",\"url\":\"https:\/\/nebevhubepraha.cz\/rolunk\/\",\"name\":\"R\u00f3lunk &#8226; Nebe v Hub\u011b\",\"isPartOf\":{\"@id\":\"https:\/\/nebevhubepraha.cz\/#website\"},\"primaryImageOfPage\":{\"@id\":\"https:\/\/nebevhubepraha.cz\/rolunk\/#primaryimage\"},\"image\":{\"@id\":\"https:\/\/nebevhubepraha.cz\/rolunk\/#primaryimage\"},\"thumbnailUrl\":\"https:\/\/nebevhubepraha.cz\/wp-content\/uploads\/2021\/12\/granny_young_and_old-e1703637579916.jpg\",\"datePublished\":\"2021-10-06T21:31:37+00:00\",\"dateModified\":\"2025-12-07T21:10:37+00:00\",\"breadcrumb\":{\"@id\":\"https:\/\/nebevhubepraha.cz\/rolunk\/#breadcrumb\"},\"inLanguage\":\"hu\",\"potentialAction\":[{\"@type\":\"ReadAction\",\"target\":[\"https:\/\/nebevhubepraha.cz\/rolunk\/\"]}]},{\"@type\":\"ImageObject\",\"inLanguage\":\"hu\",\"@id\":\"https:\/\/nebevhubepraha.cz\/rolunk\/#primaryimage\",\"url\":\"https:\/\/nebevhubepraha.cz\/wp-content\/uploads\/2021\/12\/granny_young_and_old-e1703637579916.jpg\",\"contentUrl\":\"https:\/\/nebevhubepraha.cz\/wp-content\/uploads\/2021\/12\/granny_young_and_old-e1703637579916.jpg\"},{\"@type\":\"BreadcrumbList\",\"@id\":\"https:\/\/nebevhubepraha.cz\/rolunk\/#breadcrumb\",\"itemListElement\":[{\"@type\":\"ListItem\",\"position\":1,\"name\":\"Kezd\u0151lap\",\"item\":\"https:\/\/nebevhubepraha.cz\/\"},{\"@type\":\"ListItem\",\"position\":2,\"name\":\"R\u00f3lunk\"}]},{\"@type\":\"WebSite\",\"@id\":\"https:\/\/nebevhubepraha.cz\/#website\",\"url\":\"https:\/\/nebevhubepraha.cz\/\",\"name\":\"Nebe v Hub\u011b\",\"description\":\"ma\u010farsk\u00e9 dobroty\",\"publisher\":{\"@id\":\"https:\/\/nebevhubepraha.cz\/#organization\"},\"potentialAction\":[{\"@type\":\"SearchAction\",\"target\":{\"@type\":\"EntryPoint\",\"urlTemplate\":\"https:\/\/nebevhubepraha.cz\/?s={search_term_string}\"},\"query-input\":{\"@type\":\"PropertyValueSpecification\",\"valueRequired\":true,\"valueName\":\"search_term_string\"}}],\"inLanguage\":\"hu\"},{\"@type\":\"Organization\",\"@id\":\"https:\/\/nebevhubepraha.cz\/#organization\",\"name\":\"Nebe V Hub\u011b\",\"url\":\"https:\/\/nebevhubepraha.cz\/\",\"logo\":{\"@type\":\"ImageObject\",\"inLanguage\":\"hu\",\"@id\":\"https:\/\/nebevhubepraha.cz\/#\/schema\/logo\/image\/\",\"url\":\"https:\/\/nebevhubepraha.cz\/wp-content\/uploads\/2021\/12\/NH_PPT.jpg\",\"contentUrl\":\"https:\/\/nebevhubepraha.cz\/wp-content\/uploads\/2021\/12\/NH_PPT.jpg\",\"width\":2136,\"height\":1269,\"caption\":\"Nebe V Hub\u011b\"},\"image\":{\"@id\":\"https:\/\/nebevhubepraha.cz\/#\/schema\/logo\/image\/\"},\"sameAs\":[\"https:\/\/www.facebook.com\/nebevhubePraha\",\"https:\/\/www.instagram.com\/nebevhubepraha\/\"]}]}<\/script>\n<!-- \/ Yoast SEO plugin. -->","yoast_head_json":{"title":"R\u00f3lunk &#8226; Nebe v Hub\u011b","robots":{"index":"index","follow":"follow","max-snippet":"max-snippet:-1","max-image-preview":"max-image-preview:large","max-video-preview":"max-video-preview:-1"},"canonical":"https:\/\/nebevhubepraha.cz\/hu\/rolunk\/","og_locale":"hu_HU","og_type":"article","og_title":"R\u00f3lunk &#8226; Nebe v Hub\u011b","og_description":"Kik vagyunk? Ismerd meg a &#8216;nebe v hub\u011b&#8217; var\u00e1zslatos vil\u00e1g\u00e1t, ami a rendk\u00edv\u00fcl \u00edzletes \u00e9s isteni \u00e9telekre utal a cseh kult\u00far\u00e1ban, sz\u00f3 szerinti jelent\u00e9se \u2019menyorsz\u00e1g a sz\u00e1jban\u2019. Ez a kifejez\u00e9s pontosan le\u00edrja nagymam\u00e1m s\u00fctijeinek mennyei \u00edzvil\u00e1g\u00e1t. Fedezd fel Pr\u00e1ga egyed\u00fcl\u00e1ll\u00f3 s\u00fctiz\u0151j\u00e9t, ahol a nagymam\u00e1mt\u00f3l \u00f6r\u00f6k\u00f6lt, gener\u00e1ci\u00f3kon kereszt\u00fcl gy\u0171jt\u00f6tt receptek alapj\u00e1n k\u00e9sz\u00fclt magyar s\u00fctik csod\u00e1latos \u00edzeivel [&hellip;]","og_url":"https:\/\/nebevhubepraha.cz\/hu\/rolunk\/","og_site_name":"Nebe v Hub\u011b","article_publisher":"https:\/\/www.facebook.com\/nebevhubePraha","article_modified_time":"2025-12-07T21:10:37+00:00","og_image":[{"width":600,"height":801,"url":"https:\/\/nebevhubepraha.cz\/wp-content\/uploads\/2021\/12\/granny_young_and_old-e1703637579916.jpg","type":"image\/jpeg"}],"twitter_card":"summary_large_image","twitter_misc":{"Becs\u00fclt olvas\u00e1si id\u0151":"1 perc"},"schema":{"@context":"https:\/\/schema.org","@graph":[{"@type":"WebPage","@id":"https:\/\/nebevhubepraha.cz\/rolunk\/","url":"https:\/\/nebevhubepraha.cz\/rolunk\/","name":"R\u00f3lunk &#8226; Nebe v Hub\u011b","isPartOf":{"@id":"https:\/\/nebevhubepraha.cz\/#website"},"primaryImageOfPage":{"@id":"https:\/\/nebevhubepraha.cz\/rolunk\/#primaryimage"},"image":{"@id":"https:\/\/nebevhubepraha.cz\/rolunk\/#primaryimage"},"thumbnailUrl":"https:\/\/nebevhubepraha.cz\/wp-content\/uploads\/2021\/12\/granny_young_and_old-e1703637579916.jpg","datePublished":"2021-10-06T21:31:37+00:00","dateModified":"2025-12-07T21:10:37+00:00","breadcrumb":{"@id":"https:\/\/nebevhubepraha.cz\/rolunk\/#breadcrumb"},"inLanguage":"hu","potentialAction":[{"@type":"ReadAction","target":["https:\/\/nebevhubepraha.cz\/rolunk\/"]}]},{"@type":"ImageObject","inLanguage":"hu","@id":"https:\/\/nebevhubepraha.cz\/rolunk\/#primaryimage","url":"https:\/\/nebevhubepraha.cz\/wp-content\/uploads\/2021\/12\/granny_young_and_old-e1703637579916.jpg","contentUrl":"https:\/\/nebevhubepraha.cz\/wp-content\/uploads\/2021\/12\/granny_young_and_old-e1703637579916.jpg"},{"@type":"BreadcrumbList","@id":"https:\/\/nebevhubepraha.cz\/rolunk\/#breadcrumb","itemListElement":[{"@type":"ListItem","position":1,"name":"Kezd\u0151lap","item":"https:\/\/nebevhubepraha.cz\/"},{"@type":"ListItem","position":2,"name":"R\u00f3lunk"}]},{"@type":"WebSite","@id":"https:\/\/nebevhubepraha.cz\/#website","url":"https:\/\/nebevhubepraha.cz\/","name":"Nebe v Hub\u011b","description":"ma\u010farsk\u00e9 dobroty","publisher":{"@id":"https:\/\/nebevhubepraha.cz\/#organization"},"potentialAction":[{"@type":"SearchAction","target":{"@type":"EntryPoint","urlTemplate":"https:\/\/nebevhubepraha.cz\/?s={search_term_string}"},"query-input":{"@type":"PropertyValueSpecification","valueRequired":true,"valueName":"search_term_string"}}],"inLanguage":"hu"},{"@type":"Organization","@id":"https:\/\/nebevhubepraha.cz\/#organization","name":"Nebe V Hub\u011b","url":"https:\/\/nebevhubepraha.cz\/","logo":{"@type":"ImageObject","inLanguage":"hu","@id":"https:\/\/nebevhubepraha.cz\/#\/schema\/logo\/image\/","url":"https:\/\/nebevhubepraha.cz\/wp-content\/uploads\/2021\/12\/NH_PPT.jpg","contentUrl":"https:\/\/nebevhubepraha.cz\/wp-content\/uploads\/2021\/12\/NH_PPT.jpg","width":2136,"height":1269,"caption":"Nebe V Hub\u011b"},"image":{"@id":"https:\/\/nebevhubepraha.cz\/#\/schema\/logo\/image\/"},"sameAs":["https:\/\/www.facebook.com\/nebevhubePraha","https:\/\/www.instagram.com\/nebevhubepraha\/"]}]}},"jetpack_sharing_enabled":true,"_links":{"self":[{"href":"https:\/\/nebevhubepraha.cz\/hu\/wp-json\/wp\/v2\/pages\/31","targetHints":{"allow":["GET"]}}],"collection":[{"href":"https:\/\/nebevhubepraha.cz\/hu\/wp-json\/wp\/v2\/pages"}],"about":[{"href":"https:\/\/nebevhubepraha.cz\/hu\/wp-json\/wp\/v2\/types\/page"}],"author":[{"embeddable":true,"href":"https:\/\/nebevhubepraha.cz\/hu\/wp-json\/wp\/v2\/users\/1"}],"replies":[{"embeddable":true,"href":"https:\/\/nebevhubepraha.cz\/hu\/wp-json\/wp\/v2\/comments?post=31"}],"version-history":[{"count":3,"href":"https:\/\/nebevhubepraha.cz\/hu\/wp-json\/wp\/v2\/pages\/31\/revisions"}],"predecessor-version":[{"id":4978,"href":"https:\/\/nebevhubepraha.cz\/hu\/wp-json\/wp\/v2\/pages\/31\/revisions\/4978"}],"wp:attachment":[{"href":"https:\/\/nebevhubepraha.cz\/hu\/wp-json\/wp\/v2\/media?parent=31"}],"curies":[{"name":"wp","href":"https:\/\/api.w.org\/{rel}","templated":true}]}}