{"id":3752,"date":"2023-01-18T09:35:42","date_gmt":"2023-01-18T08:35:42","guid":{"rendered":"https:\/\/nebevhubepraha.cz\/?post_type=product&#038;p=3752"},"modified":"2026-01-05T12:08:08","modified_gmt":"2026-01-05T11:08:08","slug":"narancskenyer","status":"publish","type":"product","link":"https:\/\/nebevhubepraha.cz\/hu\/termek\/narancskenyer\/","title":{"rendered":"narancskeny\u00e9r"},"content":{"rendered":"<p>Csupa narancs, puha, isteni nyal\u00e1nks\u00e1g, \u00e9tcsokival alaposan megcsurgatva. B\u00fazaliszt nincs benne, \u00edgy glut\u00e9n\u00e9rz\u00e9kenyek is fogyaszthatj\u00e1k. K\u00e9sz\u00fclhet citromb\u00f3l vagy b\u00e1rmilyen m\u00e1s citrusf\u00e9l\u00e9b\u0151l is, vagy azok tetsz\u0151leges kombin\u00e1ci\u00f3j\u00e1b\u00f3l.<\/p>\n","protected":false},"excerpt":{"rendered":"<p>Szerfelett narancsos, meglep\u0151en puha, glut\u00e9nmentes finoms\u00e1g, meglehet\u0151s s\u00fctem\u00e9ny.<\/p>\n","protected":false},"featured_media":3695,"comment_status":"closed","ping_status":"closed","template":"","meta":[],"product_brand":[],"product_cat":[90,99],"product_tag":[],"class_list":{"0":"post-3752","1":"product","2":"type-product","3":"status-publish","4":"has-post-thumbnail","6":"product_cat-gluten-free","7":"product_cat-tepsis","9":"first","10":"instock","11":"shipping-taxable","12":"purchasable","13":"product-type-variable"},"yoast_head":"<!-- This site is optimized with the Yoast SEO plugin v27.0 - https:\/\/yoast.com\/product\/yoast-seo-wordpress\/ -->\n<title>narancskeny\u00e9r &#8226; Nebe v Hub\u011b<\/title>\n<meta name=\"robots\" content=\"index, follow, max-snippet:-1, max-image-preview:large, max-video-preview:-1\" \/>\n<link rel=\"canonical\" href=\"https:\/\/nebevhubepraha.cz\/hu\/termek\/narancskenyer\/\" \/>\n<meta property=\"og:locale\" content=\"hu_HU\" \/>\n<meta property=\"og:type\" content=\"article\" \/>\n<meta property=\"og:title\" content=\"narancskeny\u00e9r &#8226; Nebe v Hub\u011b\" \/>\n<meta property=\"og:description\" content=\"Szerfelett narancsos, meglep\u0151en puha, glut\u00e9nmentes finoms\u00e1g, meglehet\u0151s s\u00fctem\u00e9ny.\" \/>\n<meta property=\"og:url\" content=\"https:\/\/nebevhubepraha.cz\/hu\/termek\/narancskenyer\/\" \/>\n<meta property=\"og:site_name\" content=\"Nebe v Hub\u011b\" \/>\n<meta property=\"article:publisher\" content=\"https:\/\/www.facebook.com\/nebevhubePraha\" \/>\n<meta property=\"article:modified_time\" content=\"2026-01-05T11:08:08+00:00\" \/>\n<meta property=\"og:image\" content=\"https:\/\/nebevhubepraha.cz\/wp-content\/uploads\/2022\/11\/orange-cake.jpg\" \/>\n\t<meta property=\"og:image:width\" content=\"1536\" \/>\n\t<meta property=\"og:image:height\" content=\"1024\" \/>\n\t<meta property=\"og:image:type\" content=\"image\/jpeg\" \/>\n<meta name=\"twitter:card\" content=\"summary_large_image\" \/>\n<meta name=\"twitter:label1\" content=\"Becs\u00fclt olvas\u00e1si id\u0151\" \/>\n\t<meta name=\"twitter:data1\" content=\"1 perc\" \/>\n<script type=\"application\/ld+json\" class=\"yoast-schema-graph\">{\"@context\":\"https:\/\/schema.org\",\"@graph\":[{\"@type\":\"WebPage\",\"@id\":\"https:\/\/nebevhubepraha.cz\/termek\/narancskenyer\/\",\"url\":\"https:\/\/nebevhubepraha.cz\/termek\/narancskenyer\/\",\"name\":\"narancskeny\u00e9r &#8226; Nebe v Hub\u011b\",\"isPartOf\":{\"@id\":\"https:\/\/nebevhubepraha.cz\/#website\"},\"primaryImageOfPage\":{\"@id\":\"https:\/\/nebevhubepraha.cz\/termek\/narancskenyer\/#primaryimage\"},\"image\":{\"@id\":\"https:\/\/nebevhubepraha.cz\/termek\/narancskenyer\/#primaryimage\"},\"thumbnailUrl\":\"https:\/\/nebevhubepraha.cz\/wp-content\/uploads\/2022\/11\/orange-cake.jpg\",\"datePublished\":\"2023-01-18T08:35:42+00:00\",\"dateModified\":\"2026-01-05T11:08:08+00:00\",\"breadcrumb\":{\"@id\":\"https:\/\/nebevhubepraha.cz\/termek\/narancskenyer\/#breadcrumb\"},\"inLanguage\":\"hu\",\"potentialAction\":[{\"@type\":\"ReadAction\",\"target\":[\"https:\/\/nebevhubepraha.cz\/termek\/narancskenyer\/\"]}]},{\"@type\":\"ImageObject\",\"inLanguage\":\"hu\",\"@id\":\"https:\/\/nebevhubepraha.cz\/termek\/narancskenyer\/#primaryimage\",\"url\":\"https:\/\/nebevhubepraha.cz\/wp-content\/uploads\/2022\/11\/orange-cake.jpg\",\"contentUrl\":\"https:\/\/nebevhubepraha.cz\/wp-content\/uploads\/2022\/11\/orange-cake.jpg\",\"width\":1536,\"height\":1024},{\"@type\":\"BreadcrumbList\",\"@id\":\"https:\/\/nebevhubepraha.cz\/termek\/narancskenyer\/#breadcrumb\",\"itemListElement\":[{\"@type\":\"ListItem\",\"position\":1,\"name\":\"Kezd\u0151lap\",\"item\":\"https:\/\/nebevhubepraha.cz\/\"},{\"@type\":\"ListItem\",\"position\":2,\"name\":\"S\u00fctijeink\",\"item\":\"https:\/\/nebevhubepraha.cz\/sutijeink\/\"},{\"@type\":\"ListItem\",\"position\":3,\"name\":\"narancskeny\u00e9r\"}]},{\"@type\":\"WebSite\",\"@id\":\"https:\/\/nebevhubepraha.cz\/#website\",\"url\":\"https:\/\/nebevhubepraha.cz\/\",\"name\":\"Nebe v Hub\u011b\",\"description\":\"ma\u010farsk\u00e9 dobroty\",\"publisher\":{\"@id\":\"https:\/\/nebevhubepraha.cz\/#organization\"},\"potentialAction\":[{\"@type\":\"SearchAction\",\"target\":{\"@type\":\"EntryPoint\",\"urlTemplate\":\"https:\/\/nebevhubepraha.cz\/?s={search_term_string}\"},\"query-input\":{\"@type\":\"PropertyValueSpecification\",\"valueRequired\":true,\"valueName\":\"search_term_string\"}}],\"inLanguage\":\"hu\"},{\"@type\":\"Organization\",\"@id\":\"https:\/\/nebevhubepraha.cz\/#organization\",\"name\":\"Nebe V Hub\u011b\",\"url\":\"https:\/\/nebevhubepraha.cz\/\",\"logo\":{\"@type\":\"ImageObject\",\"inLanguage\":\"hu\",\"@id\":\"https:\/\/nebevhubepraha.cz\/#\/schema\/logo\/image\/\",\"url\":\"https:\/\/nebevhubepraha.cz\/wp-content\/uploads\/2021\/12\/NH_PPT.jpg\",\"contentUrl\":\"https:\/\/nebevhubepraha.cz\/wp-content\/uploads\/2021\/12\/NH_PPT.jpg\",\"width\":2136,\"height\":1269,\"caption\":\"Nebe V Hub\u011b\"},\"image\":{\"@id\":\"https:\/\/nebevhubepraha.cz\/#\/schema\/logo\/image\/\"},\"sameAs\":[\"https:\/\/www.facebook.com\/nebevhubePraha\",\"https:\/\/www.instagram.com\/nebevhubepraha\/\"]}]}<\/script>\n<!-- \/ Yoast SEO plugin. -->","yoast_head_json":{"title":"narancskeny\u00e9r &#8226; Nebe v Hub\u011b","robots":{"index":"index","follow":"follow","max-snippet":"max-snippet:-1","max-image-preview":"max-image-preview:large","max-video-preview":"max-video-preview:-1"},"canonical":"https:\/\/nebevhubepraha.cz\/hu\/termek\/narancskenyer\/","og_locale":"hu_HU","og_type":"article","og_title":"narancskeny\u00e9r &#8226; Nebe v Hub\u011b","og_description":"Szerfelett narancsos, meglep\u0151en puha, glut\u00e9nmentes finoms\u00e1g, meglehet\u0151s s\u00fctem\u00e9ny.","og_url":"https:\/\/nebevhubepraha.cz\/hu\/termek\/narancskenyer\/","og_site_name":"Nebe v Hub\u011b","article_publisher":"https:\/\/www.facebook.com\/nebevhubePraha","article_modified_time":"2026-01-05T11:08:08+00:00","og_image":[{"width":1536,"height":1024,"url":"https:\/\/nebevhubepraha.cz\/wp-content\/uploads\/2022\/11\/orange-cake.jpg","type":"image\/jpeg"}],"twitter_card":"summary_large_image","twitter_misc":{"Becs\u00fclt olvas\u00e1si id\u0151":"1 perc"},"schema":{"@context":"https:\/\/schema.org","@graph":[{"@type":"WebPage","@id":"https:\/\/nebevhubepraha.cz\/termek\/narancskenyer\/","url":"https:\/\/nebevhubepraha.cz\/termek\/narancskenyer\/","name":"narancskeny\u00e9r &#8226; Nebe v Hub\u011b","isPartOf":{"@id":"https:\/\/nebevhubepraha.cz\/#website"},"primaryImageOfPage":{"@id":"https:\/\/nebevhubepraha.cz\/termek\/narancskenyer\/#primaryimage"},"image":{"@id":"https:\/\/nebevhubepraha.cz\/termek\/narancskenyer\/#primaryimage"},"thumbnailUrl":"https:\/\/nebevhubepraha.cz\/wp-content\/uploads\/2022\/11\/orange-cake.jpg","datePublished":"2023-01-18T08:35:42+00:00","dateModified":"2026-01-05T11:08:08+00:00","breadcrumb":{"@id":"https:\/\/nebevhubepraha.cz\/termek\/narancskenyer\/#breadcrumb"},"inLanguage":"hu","potentialAction":[{"@type":"ReadAction","target":["https:\/\/nebevhubepraha.cz\/termek\/narancskenyer\/"]}]},{"@type":"ImageObject","inLanguage":"hu","@id":"https:\/\/nebevhubepraha.cz\/termek\/narancskenyer\/#primaryimage","url":"https:\/\/nebevhubepraha.cz\/wp-content\/uploads\/2022\/11\/orange-cake.jpg","contentUrl":"https:\/\/nebevhubepraha.cz\/wp-content\/uploads\/2022\/11\/orange-cake.jpg","width":1536,"height":1024},{"@type":"BreadcrumbList","@id":"https:\/\/nebevhubepraha.cz\/termek\/narancskenyer\/#breadcrumb","itemListElement":[{"@type":"ListItem","position":1,"name":"Kezd\u0151lap","item":"https:\/\/nebevhubepraha.cz\/"},{"@type":"ListItem","position":2,"name":"S\u00fctijeink","item":"https:\/\/nebevhubepraha.cz\/sutijeink\/"},{"@type":"ListItem","position":3,"name":"narancskeny\u00e9r"}]},{"@type":"WebSite","@id":"https:\/\/nebevhubepraha.cz\/#website","url":"https:\/\/nebevhubepraha.cz\/","name":"Nebe v Hub\u011b","description":"ma\u010farsk\u00e9 dobroty","publisher":{"@id":"https:\/\/nebevhubepraha.cz\/#organization"},"potentialAction":[{"@type":"SearchAction","target":{"@type":"EntryPoint","urlTemplate":"https:\/\/nebevhubepraha.cz\/?s={search_term_string}"},"query-input":{"@type":"PropertyValueSpecification","valueRequired":true,"valueName":"search_term_string"}}],"inLanguage":"hu"},{"@type":"Organization","@id":"https:\/\/nebevhubepraha.cz\/#organization","name":"Nebe V Hub\u011b","url":"https:\/\/nebevhubepraha.cz\/","logo":{"@type":"ImageObject","inLanguage":"hu","@id":"https:\/\/nebevhubepraha.cz\/#\/schema\/logo\/image\/","url":"https:\/\/nebevhubepraha.cz\/wp-content\/uploads\/2021\/12\/NH_PPT.jpg","contentUrl":"https:\/\/nebevhubepraha.cz\/wp-content\/uploads\/2021\/12\/NH_PPT.jpg","width":2136,"height":1269,"caption":"Nebe V Hub\u011b"},"image":{"@id":"https:\/\/nebevhubepraha.cz\/#\/schema\/logo\/image\/"},"sameAs":["https:\/\/www.facebook.com\/nebevhubePraha","https:\/\/www.instagram.com\/nebevhubepraha\/"]}]}},"jetpack_sharing_enabled":true,"_links":{"self":[{"href":"https:\/\/nebevhubepraha.cz\/hu\/wp-json\/wp\/v2\/product\/3752","targetHints":{"allow":["GET"]}}],"collection":[{"href":"https:\/\/nebevhubepraha.cz\/hu\/wp-json\/wp\/v2\/product"}],"about":[{"href":"https:\/\/nebevhubepraha.cz\/hu\/wp-json\/wp\/v2\/types\/product"}],"replies":[{"embeddable":true,"href":"https:\/\/nebevhubepraha.cz\/hu\/wp-json\/wp\/v2\/comments?post=3752"}],"version-history":[{"count":1,"href":"https:\/\/nebevhubepraha.cz\/hu\/wp-json\/wp\/v2\/product\/3752\/revisions"}],"predecessor-version":[{"id":4991,"href":"https:\/\/nebevhubepraha.cz\/hu\/wp-json\/wp\/v2\/product\/3752\/revisions\/4991"}],"wp:featuredmedia":[{"embeddable":true,"href":"https:\/\/nebevhubepraha.cz\/hu\/wp-json\/wp\/v2\/media\/3695"}],"wp:attachment":[{"href":"https:\/\/nebevhubepraha.cz\/hu\/wp-json\/wp\/v2\/media?parent=3752"}],"wp:term":[{"taxonomy":"product_brand","embeddable":true,"href":"https:\/\/nebevhubepraha.cz\/hu\/wp-json\/wp\/v2\/product_brand?post=3752"},{"taxonomy":"product_cat","embeddable":true,"href":"https:\/\/nebevhubepraha.cz\/hu\/wp-json\/wp\/v2\/product_cat?post=3752"},{"taxonomy":"product_tag","embeddable":true,"href":"https:\/\/nebevhubepraha.cz\/hu\/wp-json\/wp\/v2\/product_tag?post=3752"}],"curies":[{"name":"wp","href":"https:\/\/api.w.org\/{rel}","templated":true}]}}