{"id":3842,"date":"2023-02-19T23:38:11","date_gmt":"2023-02-19T22:38:11","guid":{"rendered":"https:\/\/nebevhubepraha.cz\/?post_type=product&#038;p=3842"},"modified":"2026-01-05T12:07:27","modified_gmt":"2026-01-05T11:07:27","slug":"mezes-kremes","status":"publish","type":"product","link":"https:\/\/nebevhubepraha.cz\/hu\/termek\/mezes-kremes\/","title":{"rendered":"m\u00e9zes kr\u00e9mes"},"content":{"rendered":"<p>M\u00e1s n\u00e9ven m\u00e9zes zserb\u00f3. M\u00e9zes lapok k\u00f6z\u00f6tt finom h\u00e1zi baracklekv\u00e1r \u00e9s fantasztikus kr\u00e9m, a tetej\u00e9n csokibevonattal.<\/p>\n","protected":false},"excerpt":{"rendered":"<p>M\u00e1s n\u00e9ven m\u00e9zes zserb\u00f3. M\u00e9zes lapok k\u00f6z\u00f6tt finom h\u00e1zi baracklekv\u00e1r \u00e9s fantasztikus kr\u00e9m, a tetej\u00e9n csokibevonattal.<\/p>\n","protected":false},"featured_media":2145,"comment_status":"closed","ping_status":"closed","template":"","meta":[],"product_brand":[],"product_cat":[99],"product_tag":[],"class_list":{"0":"post-3842","1":"product","2":"type-product","3":"status-publish","4":"has-post-thumbnail","6":"product_cat-tepsis","8":"first","9":"instock","10":"shipping-taxable","11":"purchasable","12":"product-type-variable"},"yoast_head":"<!-- This site is optimized with the Yoast SEO plugin v27.0 - https:\/\/yoast.com\/product\/yoast-seo-wordpress\/ -->\n<title>m\u00e9zes kr\u00e9mes &#8226; Nebe v Hub\u011b<\/title>\n<meta name=\"robots\" content=\"index, follow, max-snippet:-1, max-image-preview:large, max-video-preview:-1\" \/>\n<link rel=\"canonical\" href=\"https:\/\/nebevhubepraha.cz\/hu\/termek\/mezes-kremes\/\" \/>\n<meta property=\"og:locale\" content=\"hu_HU\" \/>\n<meta property=\"og:type\" content=\"article\" \/>\n<meta property=\"og:title\" content=\"m\u00e9zes kr\u00e9mes &#8226; Nebe v Hub\u011b\" \/>\n<meta property=\"og:description\" content=\"M\u00e1s n\u00e9ven m\u00e9zes zserb\u00f3. M\u00e9zes lapok k\u00f6z\u00f6tt finom h\u00e1zi baracklekv\u00e1r \u00e9s fantasztikus kr\u00e9m, a tetej\u00e9n csokibevonattal.\" \/>\n<meta property=\"og:url\" content=\"https:\/\/nebevhubepraha.cz\/hu\/termek\/mezes-kremes\/\" \/>\n<meta property=\"og:site_name\" content=\"Nebe v Hub\u011b\" \/>\n<meta property=\"article:publisher\" content=\"https:\/\/www.facebook.com\/nebevhubePraha\" \/>\n<meta property=\"article:modified_time\" content=\"2026-01-05T11:07:27+00:00\" \/>\n<meta property=\"og:image\" content=\"https:\/\/nebevhubepraha.cz\/wp-content\/uploads\/2022\/01\/mezes_kremes_honeycake_cream_1024.jpg\" \/>\n\t<meta property=\"og:image:width\" content=\"1024\" \/>\n\t<meta property=\"og:image:height\" content=\"683\" \/>\n\t<meta property=\"og:image:type\" content=\"image\/jpeg\" \/>\n<meta name=\"twitter:card\" content=\"summary_large_image\" \/>\n<meta name=\"twitter:label1\" content=\"Becs\u00fclt olvas\u00e1si id\u0151\" \/>\n\t<meta name=\"twitter:data1\" content=\"1 perc\" \/>\n<script type=\"application\/ld+json\" class=\"yoast-schema-graph\">{\"@context\":\"https:\/\/schema.org\",\"@graph\":[{\"@type\":\"WebPage\",\"@id\":\"https:\/\/nebevhubepraha.cz\/termek\/mezes-kremes\/\",\"url\":\"https:\/\/nebevhubepraha.cz\/termek\/mezes-kremes\/\",\"name\":\"m\u00e9zes kr\u00e9mes &#8226; Nebe v Hub\u011b\",\"isPartOf\":{\"@id\":\"https:\/\/nebevhubepraha.cz\/#website\"},\"primaryImageOfPage\":{\"@id\":\"https:\/\/nebevhubepraha.cz\/termek\/mezes-kremes\/#primaryimage\"},\"image\":{\"@id\":\"https:\/\/nebevhubepraha.cz\/termek\/mezes-kremes\/#primaryimage\"},\"thumbnailUrl\":\"https:\/\/nebevhubepraha.cz\/wp-content\/uploads\/2022\/01\/mezes_kremes_honeycake_cream_1024.jpg\",\"datePublished\":\"2023-02-19T22:38:11+00:00\",\"dateModified\":\"2026-01-05T11:07:27+00:00\",\"breadcrumb\":{\"@id\":\"https:\/\/nebevhubepraha.cz\/termek\/mezes-kremes\/#breadcrumb\"},\"inLanguage\":\"hu\",\"potentialAction\":[{\"@type\":\"ReadAction\",\"target\":[\"https:\/\/nebevhubepraha.cz\/termek\/mezes-kremes\/\"]}]},{\"@type\":\"ImageObject\",\"inLanguage\":\"hu\",\"@id\":\"https:\/\/nebevhubepraha.cz\/termek\/mezes-kremes\/#primaryimage\",\"url\":\"https:\/\/nebevhubepraha.cz\/wp-content\/uploads\/2022\/01\/mezes_kremes_honeycake_cream_1024.jpg\",\"contentUrl\":\"https:\/\/nebevhubepraha.cz\/wp-content\/uploads\/2022\/01\/mezes_kremes_honeycake_cream_1024.jpg\",\"width\":1024,\"height\":683},{\"@type\":\"BreadcrumbList\",\"@id\":\"https:\/\/nebevhubepraha.cz\/termek\/mezes-kremes\/#breadcrumb\",\"itemListElement\":[{\"@type\":\"ListItem\",\"position\":1,\"name\":\"Kezd\u0151lap\",\"item\":\"https:\/\/nebevhubepraha.cz\/\"},{\"@type\":\"ListItem\",\"position\":2,\"name\":\"S\u00fctijeink\",\"item\":\"https:\/\/nebevhubepraha.cz\/sutijeink\/\"},{\"@type\":\"ListItem\",\"position\":3,\"name\":\"m\u00e9zes kr\u00e9mes\"}]},{\"@type\":\"WebSite\",\"@id\":\"https:\/\/nebevhubepraha.cz\/#website\",\"url\":\"https:\/\/nebevhubepraha.cz\/\",\"name\":\"Nebe v Hub\u011b\",\"description\":\"ma\u010farsk\u00e9 dobroty\",\"publisher\":{\"@id\":\"https:\/\/nebevhubepraha.cz\/#organization\"},\"potentialAction\":[{\"@type\":\"SearchAction\",\"target\":{\"@type\":\"EntryPoint\",\"urlTemplate\":\"https:\/\/nebevhubepraha.cz\/?s={search_term_string}\"},\"query-input\":{\"@type\":\"PropertyValueSpecification\",\"valueRequired\":true,\"valueName\":\"search_term_string\"}}],\"inLanguage\":\"hu\"},{\"@type\":\"Organization\",\"@id\":\"https:\/\/nebevhubepraha.cz\/#organization\",\"name\":\"Nebe V Hub\u011b\",\"url\":\"https:\/\/nebevhubepraha.cz\/\",\"logo\":{\"@type\":\"ImageObject\",\"inLanguage\":\"hu\",\"@id\":\"https:\/\/nebevhubepraha.cz\/#\/schema\/logo\/image\/\",\"url\":\"https:\/\/nebevhubepraha.cz\/wp-content\/uploads\/2021\/12\/NH_PPT.jpg\",\"contentUrl\":\"https:\/\/nebevhubepraha.cz\/wp-content\/uploads\/2021\/12\/NH_PPT.jpg\",\"width\":2136,\"height\":1269,\"caption\":\"Nebe V Hub\u011b\"},\"image\":{\"@id\":\"https:\/\/nebevhubepraha.cz\/#\/schema\/logo\/image\/\"},\"sameAs\":[\"https:\/\/www.facebook.com\/nebevhubePraha\",\"https:\/\/www.instagram.com\/nebevhubepraha\/\"]}]}<\/script>\n<!-- \/ Yoast SEO plugin. -->","yoast_head_json":{"title":"m\u00e9zes kr\u00e9mes &#8226; Nebe v Hub\u011b","robots":{"index":"index","follow":"follow","max-snippet":"max-snippet:-1","max-image-preview":"max-image-preview:large","max-video-preview":"max-video-preview:-1"},"canonical":"https:\/\/nebevhubepraha.cz\/hu\/termek\/mezes-kremes\/","og_locale":"hu_HU","og_type":"article","og_title":"m\u00e9zes kr\u00e9mes &#8226; Nebe v Hub\u011b","og_description":"M\u00e1s n\u00e9ven m\u00e9zes zserb\u00f3. M\u00e9zes lapok k\u00f6z\u00f6tt finom h\u00e1zi baracklekv\u00e1r \u00e9s fantasztikus kr\u00e9m, a tetej\u00e9n csokibevonattal.","og_url":"https:\/\/nebevhubepraha.cz\/hu\/termek\/mezes-kremes\/","og_site_name":"Nebe v Hub\u011b","article_publisher":"https:\/\/www.facebook.com\/nebevhubePraha","article_modified_time":"2026-01-05T11:07:27+00:00","og_image":[{"width":1024,"height":683,"url":"https:\/\/nebevhubepraha.cz\/wp-content\/uploads\/2022\/01\/mezes_kremes_honeycake_cream_1024.jpg","type":"image\/jpeg"}],"twitter_card":"summary_large_image","twitter_misc":{"Becs\u00fclt olvas\u00e1si id\u0151":"1 perc"},"schema":{"@context":"https:\/\/schema.org","@graph":[{"@type":"WebPage","@id":"https:\/\/nebevhubepraha.cz\/termek\/mezes-kremes\/","url":"https:\/\/nebevhubepraha.cz\/termek\/mezes-kremes\/","name":"m\u00e9zes kr\u00e9mes &#8226; Nebe v Hub\u011b","isPartOf":{"@id":"https:\/\/nebevhubepraha.cz\/#website"},"primaryImageOfPage":{"@id":"https:\/\/nebevhubepraha.cz\/termek\/mezes-kremes\/#primaryimage"},"image":{"@id":"https:\/\/nebevhubepraha.cz\/termek\/mezes-kremes\/#primaryimage"},"thumbnailUrl":"https:\/\/nebevhubepraha.cz\/wp-content\/uploads\/2022\/01\/mezes_kremes_honeycake_cream_1024.jpg","datePublished":"2023-02-19T22:38:11+00:00","dateModified":"2026-01-05T11:07:27+00:00","breadcrumb":{"@id":"https:\/\/nebevhubepraha.cz\/termek\/mezes-kremes\/#breadcrumb"},"inLanguage":"hu","potentialAction":[{"@type":"ReadAction","target":["https:\/\/nebevhubepraha.cz\/termek\/mezes-kremes\/"]}]},{"@type":"ImageObject","inLanguage":"hu","@id":"https:\/\/nebevhubepraha.cz\/termek\/mezes-kremes\/#primaryimage","url":"https:\/\/nebevhubepraha.cz\/wp-content\/uploads\/2022\/01\/mezes_kremes_honeycake_cream_1024.jpg","contentUrl":"https:\/\/nebevhubepraha.cz\/wp-content\/uploads\/2022\/01\/mezes_kremes_honeycake_cream_1024.jpg","width":1024,"height":683},{"@type":"BreadcrumbList","@id":"https:\/\/nebevhubepraha.cz\/termek\/mezes-kremes\/#breadcrumb","itemListElement":[{"@type":"ListItem","position":1,"name":"Kezd\u0151lap","item":"https:\/\/nebevhubepraha.cz\/"},{"@type":"ListItem","position":2,"name":"S\u00fctijeink","item":"https:\/\/nebevhubepraha.cz\/sutijeink\/"},{"@type":"ListItem","position":3,"name":"m\u00e9zes kr\u00e9mes"}]},{"@type":"WebSite","@id":"https:\/\/nebevhubepraha.cz\/#website","url":"https:\/\/nebevhubepraha.cz\/","name":"Nebe v Hub\u011b","description":"ma\u010farsk\u00e9 dobroty","publisher":{"@id":"https:\/\/nebevhubepraha.cz\/#organization"},"potentialAction":[{"@type":"SearchAction","target":{"@type":"EntryPoint","urlTemplate":"https:\/\/nebevhubepraha.cz\/?s={search_term_string}"},"query-input":{"@type":"PropertyValueSpecification","valueRequired":true,"valueName":"search_term_string"}}],"inLanguage":"hu"},{"@type":"Organization","@id":"https:\/\/nebevhubepraha.cz\/#organization","name":"Nebe V Hub\u011b","url":"https:\/\/nebevhubepraha.cz\/","logo":{"@type":"ImageObject","inLanguage":"hu","@id":"https:\/\/nebevhubepraha.cz\/#\/schema\/logo\/image\/","url":"https:\/\/nebevhubepraha.cz\/wp-content\/uploads\/2021\/12\/NH_PPT.jpg","contentUrl":"https:\/\/nebevhubepraha.cz\/wp-content\/uploads\/2021\/12\/NH_PPT.jpg","width":2136,"height":1269,"caption":"Nebe V Hub\u011b"},"image":{"@id":"https:\/\/nebevhubepraha.cz\/#\/schema\/logo\/image\/"},"sameAs":["https:\/\/www.facebook.com\/nebevhubePraha","https:\/\/www.instagram.com\/nebevhubepraha\/"]}]}},"jetpack_sharing_enabled":true,"_links":{"self":[{"href":"https:\/\/nebevhubepraha.cz\/hu\/wp-json\/wp\/v2\/product\/3842","targetHints":{"allow":["GET"]}}],"collection":[{"href":"https:\/\/nebevhubepraha.cz\/hu\/wp-json\/wp\/v2\/product"}],"about":[{"href":"https:\/\/nebevhubepraha.cz\/hu\/wp-json\/wp\/v2\/types\/product"}],"replies":[{"embeddable":true,"href":"https:\/\/nebevhubepraha.cz\/hu\/wp-json\/wp\/v2\/comments?post=3842"}],"version-history":[{"count":1,"href":"https:\/\/nebevhubepraha.cz\/hu\/wp-json\/wp\/v2\/product\/3842\/revisions"}],"predecessor-version":[{"id":4990,"href":"https:\/\/nebevhubepraha.cz\/hu\/wp-json\/wp\/v2\/product\/3842\/revisions\/4990"}],"wp:featuredmedia":[{"embeddable":true,"href":"https:\/\/nebevhubepraha.cz\/hu\/wp-json\/wp\/v2\/media\/2145"}],"wp:attachment":[{"href":"https:\/\/nebevhubepraha.cz\/hu\/wp-json\/wp\/v2\/media?parent=3842"}],"wp:term":[{"taxonomy":"product_brand","embeddable":true,"href":"https:\/\/nebevhubepraha.cz\/hu\/wp-json\/wp\/v2\/product_brand?post=3842"},{"taxonomy":"product_cat","embeddable":true,"href":"https:\/\/nebevhubepraha.cz\/hu\/wp-json\/wp\/v2\/product_cat?post=3842"},{"taxonomy":"product_tag","embeddable":true,"href":"https:\/\/nebevhubepraha.cz\/hu\/wp-json\/wp\/v2\/product_tag?post=3842"}],"curies":[{"name":"wp","href":"https:\/\/api.w.org\/{rel}","templated":true}]}}