{"id":4854,"date":"2025-12-04T00:00:55","date_gmt":"2025-12-03T23:00:55","guid":{"rendered":"https:\/\/nebevhubepraha.cz\/?post_type=product&#038;p=4854"},"modified":"2025-12-04T18:01:16","modified_gmt":"2025-12-04T17:01:16","slug":"fahejas-turos-retes","status":"publish","type":"product","link":"https:\/\/nebevhubepraha.cz\/hu\/termek\/fahejas-turos-retes\/","title":{"rendered":"fah\u00e9jas-t\u00far\u00f3s r\u00e9tes"},"content":{"rendered":"<p>Minden\u00edz\u0171 r\u00e9tes. S\u00f3s \u00e9s \u00e9des is. Kapros-sajtos-t\u00far\u00f3s. M\u00e1kos, meggyes-m\u00e1kos, alm\u00e1s, t\u00far\u00f3s, gy\u00fcm\u00f6lcs\u00f6s-t\u00far\u00f3s. \u00c9s m\u00e9g sokan m\u00e1sok.<\/p>\n","protected":false},"excerpt":{"rendered":"<p>Minden\u00edz\u0171 r\u00e9tes. S\u00f3s \u00e9s \u00e9des is. Kapros-sajtos-t\u00far\u00f3s. M\u00e1kos, meggyes-m\u00e1kos, alm\u00e1s, t\u00far\u00f3s, gy\u00fcm\u00f6lcs\u00f6s-t\u00far\u00f3s. \u00c9s m\u00e9g sokan m\u00e1sok.<\/p>\n","protected":false},"featured_media":3830,"comment_status":"closed","ping_status":"closed","template":"","meta":[],"product_brand":[],"product_cat":[76,98],"product_tag":[],"class_list":{"0":"post-4854","1":"product","2":"type-product","3":"status-publish","4":"has-post-thumbnail","6":"product_cat-edes","7":"product_cat-retesek","9":"first","10":"outofstock","11":"shipping-taxable","12":"product-type-simple"},"yoast_head":"<!-- This site is optimized with the Yoast SEO plugin v27.0 - https:\/\/yoast.com\/product\/yoast-seo-wordpress\/ -->\n<title>fah\u00e9jas-t\u00far\u00f3s r\u00e9tes &#8226; Nebe v Hub\u011b<\/title>\n<meta name=\"robots\" content=\"index, follow, max-snippet:-1, max-image-preview:large, max-video-preview:-1\" \/>\n<link rel=\"canonical\" href=\"https:\/\/nebevhubepraha.cz\/hu\/termek\/fahejas-turos-retes\/\" \/>\n<meta property=\"og:locale\" content=\"hu_HU\" \/>\n<meta property=\"og:type\" content=\"article\" \/>\n<meta property=\"og:title\" content=\"fah\u00e9jas-t\u00far\u00f3s r\u00e9tes &#8226; Nebe v Hub\u011b\" \/>\n<meta property=\"og:description\" content=\"Minden\u00edz\u0171 r\u00e9tes. S\u00f3s \u00e9s \u00e9des is. Kapros-sajtos-t\u00far\u00f3s. M\u00e1kos, meggyes-m\u00e1kos, alm\u00e1s, t\u00far\u00f3s, gy\u00fcm\u00f6lcs\u00f6s-t\u00far\u00f3s. \u00c9s m\u00e9g sokan m\u00e1sok.\" \/>\n<meta property=\"og:url\" content=\"https:\/\/nebevhubepraha.cz\/hu\/termek\/fahejas-turos-retes\/\" \/>\n<meta property=\"og:site_name\" content=\"Nebe v Hub\u011b\" \/>\n<meta property=\"article:publisher\" content=\"https:\/\/www.facebook.com\/nebevhubePraha\" \/>\n<meta property=\"article:modified_time\" content=\"2025-12-04T17:01:16+00:00\" \/>\n<meta property=\"og:image\" content=\"https:\/\/nebevhubepraha.cz\/wp-content\/uploads\/2022\/11\/DSC06329.jpg\" \/>\n\t<meta property=\"og:image:width\" content=\"1024\" \/>\n\t<meta property=\"og:image:height\" content=\"683\" \/>\n\t<meta property=\"og:image:type\" content=\"image\/jpeg\" \/>\n<meta name=\"twitter:card\" content=\"summary_large_image\" \/>\n<meta name=\"twitter:label1\" content=\"Becs\u00fclt olvas\u00e1si id\u0151\" \/>\n\t<meta name=\"twitter:data1\" content=\"1 perc\" \/>\n<script type=\"application\/ld+json\" class=\"yoast-schema-graph\">{\"@context\":\"https:\/\/schema.org\",\"@graph\":[{\"@type\":\"WebPage\",\"@id\":\"https:\/\/nebevhubepraha.cz\/termek\/fahejas-turos-retes\/\",\"url\":\"https:\/\/nebevhubepraha.cz\/termek\/fahejas-turos-retes\/\",\"name\":\"fah\u00e9jas-t\u00far\u00f3s r\u00e9tes &#8226; Nebe v Hub\u011b\",\"isPartOf\":{\"@id\":\"https:\/\/nebevhubepraha.cz\/#website\"},\"primaryImageOfPage\":{\"@id\":\"https:\/\/nebevhubepraha.cz\/termek\/fahejas-turos-retes\/#primaryimage\"},\"image\":{\"@id\":\"https:\/\/nebevhubepraha.cz\/termek\/fahejas-turos-retes\/#primaryimage\"},\"thumbnailUrl\":\"https:\/\/nebevhubepraha.cz\/wp-content\/uploads\/2022\/11\/DSC06329.jpg\",\"datePublished\":\"2025-12-03T23:00:55+00:00\",\"dateModified\":\"2025-12-04T17:01:16+00:00\",\"breadcrumb\":{\"@id\":\"https:\/\/nebevhubepraha.cz\/termek\/fahejas-turos-retes\/#breadcrumb\"},\"inLanguage\":\"hu\",\"potentialAction\":[{\"@type\":\"ReadAction\",\"target\":[\"https:\/\/nebevhubepraha.cz\/termek\/fahejas-turos-retes\/\"]}]},{\"@type\":\"ImageObject\",\"inLanguage\":\"hu\",\"@id\":\"https:\/\/nebevhubepraha.cz\/termek\/fahejas-turos-retes\/#primaryimage\",\"url\":\"https:\/\/nebevhubepraha.cz\/wp-content\/uploads\/2022\/11\/DSC06329.jpg\",\"contentUrl\":\"https:\/\/nebevhubepraha.cz\/wp-content\/uploads\/2022\/11\/DSC06329.jpg\",\"width\":1024,\"height\":683},{\"@type\":\"BreadcrumbList\",\"@id\":\"https:\/\/nebevhubepraha.cz\/termek\/fahejas-turos-retes\/#breadcrumb\",\"itemListElement\":[{\"@type\":\"ListItem\",\"position\":1,\"name\":\"Kezd\u0151lap\",\"item\":\"https:\/\/nebevhubepraha.cz\/\"},{\"@type\":\"ListItem\",\"position\":2,\"name\":\"S\u00fctijeink\",\"item\":\"https:\/\/nebevhubepraha.cz\/sutijeink\/\"},{\"@type\":\"ListItem\",\"position\":3,\"name\":\"fah\u00e9jas-t\u00far\u00f3s r\u00e9tes\"}]},{\"@type\":\"WebSite\",\"@id\":\"https:\/\/nebevhubepraha.cz\/#website\",\"url\":\"https:\/\/nebevhubepraha.cz\/\",\"name\":\"Nebe v Hub\u011b\",\"description\":\"ma\u010farsk\u00e9 dobroty\",\"publisher\":{\"@id\":\"https:\/\/nebevhubepraha.cz\/#organization\"},\"potentialAction\":[{\"@type\":\"SearchAction\",\"target\":{\"@type\":\"EntryPoint\",\"urlTemplate\":\"https:\/\/nebevhubepraha.cz\/?s={search_term_string}\"},\"query-input\":{\"@type\":\"PropertyValueSpecification\",\"valueRequired\":true,\"valueName\":\"search_term_string\"}}],\"inLanguage\":\"hu\"},{\"@type\":\"Organization\",\"@id\":\"https:\/\/nebevhubepraha.cz\/#organization\",\"name\":\"Nebe V Hub\u011b\",\"url\":\"https:\/\/nebevhubepraha.cz\/\",\"logo\":{\"@type\":\"ImageObject\",\"inLanguage\":\"hu\",\"@id\":\"https:\/\/nebevhubepraha.cz\/#\/schema\/logo\/image\/\",\"url\":\"https:\/\/nebevhubepraha.cz\/wp-content\/uploads\/2021\/12\/NH_PPT.jpg\",\"contentUrl\":\"https:\/\/nebevhubepraha.cz\/wp-content\/uploads\/2021\/12\/NH_PPT.jpg\",\"width\":2136,\"height\":1269,\"caption\":\"Nebe V Hub\u011b\"},\"image\":{\"@id\":\"https:\/\/nebevhubepraha.cz\/#\/schema\/logo\/image\/\"},\"sameAs\":[\"https:\/\/www.facebook.com\/nebevhubePraha\",\"https:\/\/www.instagram.com\/nebevhubepraha\/\"]}]}<\/script>\n<!-- \/ Yoast SEO plugin. -->","yoast_head_json":{"title":"fah\u00e9jas-t\u00far\u00f3s r\u00e9tes &#8226; Nebe v Hub\u011b","robots":{"index":"index","follow":"follow","max-snippet":"max-snippet:-1","max-image-preview":"max-image-preview:large","max-video-preview":"max-video-preview:-1"},"canonical":"https:\/\/nebevhubepraha.cz\/hu\/termek\/fahejas-turos-retes\/","og_locale":"hu_HU","og_type":"article","og_title":"fah\u00e9jas-t\u00far\u00f3s r\u00e9tes &#8226; Nebe v Hub\u011b","og_description":"Minden\u00edz\u0171 r\u00e9tes. S\u00f3s \u00e9s \u00e9des is. Kapros-sajtos-t\u00far\u00f3s. M\u00e1kos, meggyes-m\u00e1kos, alm\u00e1s, t\u00far\u00f3s, gy\u00fcm\u00f6lcs\u00f6s-t\u00far\u00f3s. \u00c9s m\u00e9g sokan m\u00e1sok.","og_url":"https:\/\/nebevhubepraha.cz\/hu\/termek\/fahejas-turos-retes\/","og_site_name":"Nebe v Hub\u011b","article_publisher":"https:\/\/www.facebook.com\/nebevhubePraha","article_modified_time":"2025-12-04T17:01:16+00:00","og_image":[{"width":1024,"height":683,"url":"https:\/\/nebevhubepraha.cz\/wp-content\/uploads\/2022\/11\/DSC06329.jpg","type":"image\/jpeg"}],"twitter_card":"summary_large_image","twitter_misc":{"Becs\u00fclt olvas\u00e1si id\u0151":"1 perc"},"schema":{"@context":"https:\/\/schema.org","@graph":[{"@type":"WebPage","@id":"https:\/\/nebevhubepraha.cz\/termek\/fahejas-turos-retes\/","url":"https:\/\/nebevhubepraha.cz\/termek\/fahejas-turos-retes\/","name":"fah\u00e9jas-t\u00far\u00f3s r\u00e9tes &#8226; Nebe v Hub\u011b","isPartOf":{"@id":"https:\/\/nebevhubepraha.cz\/#website"},"primaryImageOfPage":{"@id":"https:\/\/nebevhubepraha.cz\/termek\/fahejas-turos-retes\/#primaryimage"},"image":{"@id":"https:\/\/nebevhubepraha.cz\/termek\/fahejas-turos-retes\/#primaryimage"},"thumbnailUrl":"https:\/\/nebevhubepraha.cz\/wp-content\/uploads\/2022\/11\/DSC06329.jpg","datePublished":"2025-12-03T23:00:55+00:00","dateModified":"2025-12-04T17:01:16+00:00","breadcrumb":{"@id":"https:\/\/nebevhubepraha.cz\/termek\/fahejas-turos-retes\/#breadcrumb"},"inLanguage":"hu","potentialAction":[{"@type":"ReadAction","target":["https:\/\/nebevhubepraha.cz\/termek\/fahejas-turos-retes\/"]}]},{"@type":"ImageObject","inLanguage":"hu","@id":"https:\/\/nebevhubepraha.cz\/termek\/fahejas-turos-retes\/#primaryimage","url":"https:\/\/nebevhubepraha.cz\/wp-content\/uploads\/2022\/11\/DSC06329.jpg","contentUrl":"https:\/\/nebevhubepraha.cz\/wp-content\/uploads\/2022\/11\/DSC06329.jpg","width":1024,"height":683},{"@type":"BreadcrumbList","@id":"https:\/\/nebevhubepraha.cz\/termek\/fahejas-turos-retes\/#breadcrumb","itemListElement":[{"@type":"ListItem","position":1,"name":"Kezd\u0151lap","item":"https:\/\/nebevhubepraha.cz\/"},{"@type":"ListItem","position":2,"name":"S\u00fctijeink","item":"https:\/\/nebevhubepraha.cz\/sutijeink\/"},{"@type":"ListItem","position":3,"name":"fah\u00e9jas-t\u00far\u00f3s r\u00e9tes"}]},{"@type":"WebSite","@id":"https:\/\/nebevhubepraha.cz\/#website","url":"https:\/\/nebevhubepraha.cz\/","name":"Nebe v Hub\u011b","description":"ma\u010farsk\u00e9 dobroty","publisher":{"@id":"https:\/\/nebevhubepraha.cz\/#organization"},"potentialAction":[{"@type":"SearchAction","target":{"@type":"EntryPoint","urlTemplate":"https:\/\/nebevhubepraha.cz\/?s={search_term_string}"},"query-input":{"@type":"PropertyValueSpecification","valueRequired":true,"valueName":"search_term_string"}}],"inLanguage":"hu"},{"@type":"Organization","@id":"https:\/\/nebevhubepraha.cz\/#organization","name":"Nebe V Hub\u011b","url":"https:\/\/nebevhubepraha.cz\/","logo":{"@type":"ImageObject","inLanguage":"hu","@id":"https:\/\/nebevhubepraha.cz\/#\/schema\/logo\/image\/","url":"https:\/\/nebevhubepraha.cz\/wp-content\/uploads\/2021\/12\/NH_PPT.jpg","contentUrl":"https:\/\/nebevhubepraha.cz\/wp-content\/uploads\/2021\/12\/NH_PPT.jpg","width":2136,"height":1269,"caption":"Nebe V Hub\u011b"},"image":{"@id":"https:\/\/nebevhubepraha.cz\/#\/schema\/logo\/image\/"},"sameAs":["https:\/\/www.facebook.com\/nebevhubePraha","https:\/\/www.instagram.com\/nebevhubepraha\/"]}]}},"jetpack_sharing_enabled":true,"_links":{"self":[{"href":"https:\/\/nebevhubepraha.cz\/hu\/wp-json\/wp\/v2\/product\/4854","targetHints":{"allow":["GET"]}}],"collection":[{"href":"https:\/\/nebevhubepraha.cz\/hu\/wp-json\/wp\/v2\/product"}],"about":[{"href":"https:\/\/nebevhubepraha.cz\/hu\/wp-json\/wp\/v2\/types\/product"}],"replies":[{"embeddable":true,"href":"https:\/\/nebevhubepraha.cz\/hu\/wp-json\/wp\/v2\/comments?post=4854"}],"version-history":[{"count":1,"href":"https:\/\/nebevhubepraha.cz\/hu\/wp-json\/wp\/v2\/product\/4854\/revisions"}],"predecessor-version":[{"id":4855,"href":"https:\/\/nebevhubepraha.cz\/hu\/wp-json\/wp\/v2\/product\/4854\/revisions\/4855"}],"wp:featuredmedia":[{"embeddable":true,"href":"https:\/\/nebevhubepraha.cz\/hu\/wp-json\/wp\/v2\/media\/3830"}],"wp:attachment":[{"href":"https:\/\/nebevhubepraha.cz\/hu\/wp-json\/wp\/v2\/media?parent=4854"}],"wp:term":[{"taxonomy":"product_brand","embeddable":true,"href":"https:\/\/nebevhubepraha.cz\/hu\/wp-json\/wp\/v2\/product_brand?post=4854"},{"taxonomy":"product_cat","embeddable":true,"href":"https:\/\/nebevhubepraha.cz\/hu\/wp-json\/wp\/v2\/product_cat?post=4854"},{"taxonomy":"product_tag","embeddable":true,"href":"https:\/\/nebevhubepraha.cz\/hu\/wp-json\/wp\/v2\/product_tag?post=4854"}],"curies":[{"name":"wp","href":"https:\/\/api.w.org\/{rel}","templated":true}]}}